{"id":6350,"date":"2024-04-16T07:55:10","date_gmt":"2024-04-16T07:55:10","guid":{"rendered":"https:\/\/priceless-roentgen.94-130-237-80.plesk.page\/?page_id=6350"},"modified":"2024-04-16T07:56:10","modified_gmt":"2024-04-16T07:56:10","slug":"program-za-prevenciju-i-tretman-skolioze-kod-djece","status":"publish","type":"page","link":"https:\/\/reumal.ba\/index.php\/program-za-prevenciju-i-tretman-skolioze-kod-djece\/","title":{"rendered":"Program za prevenciju i tretman skolioze kod djece"},"content":{"rendered":"\t\t<div data-elementor-type=\"wp-page\" data-elementor-id=\"6350\" class=\"elementor elementor-6350\">\n\t\t\t\t<div class=\"elementor-element elementor-element-6680c1fb e-con-full e-flex e-con e-parent\" data-id=\"6680c1fb\" data-element_type=\"container\">\n\t\t\t\t<div class=\"elementor-element elementor-element-51ff6e8 elementor-widget elementor-widget-text-editor\" data-id=\"51ff6e8\" data-element_type=\"widget\" data-widget_type=\"text-editor.default\">\n\t\t\t\t<div class=\"elementor-widget-container\">\n\t\t\t<style>\/*! elementor - v3.21.0 - 20-05-2024 *\/\n.elementor-widget-text-editor.elementor-drop-cap-view-stacked .elementor-drop-cap{background-color:#69727d;color:#fff}.elementor-widget-text-editor.elementor-drop-cap-view-framed .elementor-drop-cap{color:#69727d;border:3px solid;background-color:transparent}.elementor-widget-text-editor:not(.elementor-drop-cap-view-default) .elementor-drop-cap{margin-top:8px}.elementor-widget-text-editor:not(.elementor-drop-cap-view-default) .elementor-drop-cap-letter{width:1em;height:1em}.elementor-widget-text-editor .elementor-drop-cap{float:left;text-align:center;line-height:1;font-size:50px}.elementor-widget-text-editor .elementor-drop-cap-letter{display:inline-block}<\/style>\t\t\t\t<p>TRETMAN SKOLIOZE PO KATHARINI SCHROTH<\/p><p>Program je namijenjen djeci \u0161kolskog uzrasta, ne mla\u0111oj od deset godina. Program tretmana je koncipiran individulno za svako dijete, a uklju\u010deni su i roditelji te je njima posve\u0107ena posebn apa\u017enja. Minimalno trajanje tretmana je deset dana, sa mogu\u0107no\u0161\u0107u produ\u017eavanja, ali i povremenog obnavljanja. Kontakt sa djecom se ne prekida ni po zavr\u0161etku tretmana, te se planski obnavljaju tretmani uz podr\u0161ku za nastavak provo\u0111enja nau\u010denog i kod ku\u0107e. Djeca na odlasku dobijaju potrebna uputstva, ali i video zapise izvo\u0111enja vje\u017ebi iz domena kineziterapije. Kontole se obavljaju svakih 3-6 mjeseci.<\/p><p><strong>Sadr\u017eaj programa<\/strong><\/p><p>Ljekarski pregled<\/p><p>\u00a0&#8211; otvaranje i vo\u0111enje medicinske dokumentacije<\/p><p>\u00a0&#8211; klini\u010dki pregled djeteta<\/p><p>\u00a0&#8211; detekcija komorbiditeta i eventualne sugestije nutricioniste<\/p><p>\u00a0&#8211; konsultacija pedijatra i ortopeda po potrebi<\/p><p>\u00a0&#8211; izrada Programa fizikalnog tretmana<\/p><p>RTG obrada<\/p><p>Antropometrijska mjerenja<\/p><p>Fizikalna terapija<\/p><p>\u00a0&#8211; individualna kineziterapija<\/p><p>\u00a0&#8211; grupna kineziterapija u sali ili na travi (zavisno od doba godine i vremenskih uslova)<\/p><p>\u00a0&#8211; grupna kineziterapija u bazenu<\/p><p>Dodatne aktivnosti djeci se organiziraju ukoliko broj djece na tretmanu prelazi 10.<\/p><p>Tokom cijelog boravka kroz program djecu vode fizijatar, pedijatar, ortoped, fizioterapeut-kineziterapeut, te animator u slobodno vrijeme.<\/p>\t\t\t\t\t\t<\/div>\n\t\t\t\t<\/div>\n\t\t\t\t<\/div>\n\t\t<div class=\"elementor-element elementor-element-044664b e-flex e-con-boxed e-con e-parent\" data-id=\"044664b\" data-element_type=\"container\">\n\t\t\t\t\t<div class=\"e-con-inner\">\n\t\t\t\t<div class=\"elementor-element elementor-element-d1581fc elementor-widget elementor-widget-spacer\" data-id=\"d1581fc\" data-element_type=\"widget\" data-widget_type=\"spacer.default\">\n\t\t\t\t<div class=\"elementor-widget-container\">\n\t\t\t<style>\/*! elementor - v3.21.0 - 20-05-2024 *\/\n.elementor-column .elementor-spacer-inner{height:var(--spacer-size)}.e-con{--container-widget-width:100%}.e-con-inner>.elementor-widget-spacer,.e-con>.elementor-widget-spacer{width:var(--container-widget-width,var(--spacer-size));--align-self:var(--container-widget-align-self,initial);--flex-shrink:0}.e-con-inner>.elementor-widget-spacer>.elementor-widget-container,.e-con>.elementor-widget-spacer>.elementor-widget-container{height:100%;width:100%}.e-con-inner>.elementor-widget-spacer>.elementor-widget-container>.elementor-spacer,.e-con>.elementor-widget-spacer>.elementor-widget-container>.elementor-spacer{height:100%}.e-con-inner>.elementor-widget-spacer>.elementor-widget-container>.elementor-spacer>.elementor-spacer-inner,.e-con>.elementor-widget-spacer>.elementor-widget-container>.elementor-spacer>.elementor-spacer-inner{height:var(--container-widget-height,var(--spacer-size))}.e-con-inner>.elementor-widget-spacer.elementor-widget-empty,.e-con>.elementor-widget-spacer.elementor-widget-empty{position:relative;min-height:22px;min-width:22px}.e-con-inner>.elementor-widget-spacer.elementor-widget-empty .elementor-widget-empty-icon,.e-con>.elementor-widget-spacer.elementor-widget-empty .elementor-widget-empty-icon{position:absolute;top:0;bottom:0;left:0;right:0;margin:auto;padding:0;width:22px;height:22px}<\/style>\t\t<div class=\"elementor-spacer\">\n\t\t\t<div class=\"elementor-spacer-inner\"><\/div>\n\t\t<\/div>\n\t\t\t\t<\/div>\n\t\t\t\t<\/div>\n\t\t\t\t\t<\/div>\n\t\t\t\t<\/div>\n\t\t\t\t<\/div>\n\t\t","protected":false},"excerpt":{"rendered":"<p>TRETMAN SKOLIOZE PO KATHARINI SCHROTH Program je namijenjen djeci \u0161kolskog uzrasta, ne mla\u0111oj od deset godina. Program tretmana je koncipiran individulno za svako dijete, a uklju\u010deni su i roditelji te je njima posve\u0107ena posebn apa\u017enja. Minimalno trajanje tretmana je deset dana, sa mogu\u0107no\u0161\u0107u produ\u017eavanja, ali i povremenog obnavljanja. Kontakt sa djecom se ne prekida ni [&hellip;]<\/p>\n","protected":false},"author":1,"featured_media":5864,"parent":0,"menu_order":0,"comment_status":"closed","ping_status":"closed","template":"","meta":{"give_campaign_id":0,"footnotes":""},"class_list":["post-6350","page","type-page","status-publish","has-post-thumbnail","hentry"],"campaignId":"","_links":{"self":[{"href":"https:\/\/reumal.ba\/index.php\/wp-json\/wp\/v2\/pages\/6350","targetHints":{"allow":["GET"]}}],"collection":[{"href":"https:\/\/reumal.ba\/index.php\/wp-json\/wp\/v2\/pages"}],"about":[{"href":"https:\/\/reumal.ba\/index.php\/wp-json\/wp\/v2\/types\/page"}],"author":[{"embeddable":true,"href":"https:\/\/reumal.ba\/index.php\/wp-json\/wp\/v2\/users\/1"}],"replies":[{"embeddable":true,"href":"https:\/\/reumal.ba\/index.php\/wp-json\/wp\/v2\/comments?post=6350"}],"version-history":[{"count":4,"href":"https:\/\/reumal.ba\/index.php\/wp-json\/wp\/v2\/pages\/6350\/revisions"}],"predecessor-version":[{"id":6354,"href":"https:\/\/reumal.ba\/index.php\/wp-json\/wp\/v2\/pages\/6350\/revisions\/6354"}],"wp:featuredmedia":[{"embeddable":true,"href":"https:\/\/reumal.ba\/index.php\/wp-json\/wp\/v2\/media\/5864"}],"wp:attachment":[{"href":"https:\/\/reumal.ba\/index.php\/wp-json\/wp\/v2\/media?parent=6350"}],"curies":[{"name":"wp","href":"https:\/\/api.w.org\/{rel}","templated":true}]}}