{"id":6303,"date":"2024-04-15T09:42:03","date_gmt":"2024-04-15T09:42:03","guid":{"rendered":"https:\/\/priceless-roentgen.94-130-237-80.plesk.page\/?page_id=6303"},"modified":"2024-04-15T09:45:00","modified_gmt":"2024-04-15T09:45:00","slug":"prirodni-resursi","status":"publish","type":"page","link":"https:\/\/reumal.ba\/index.php\/prirodni-resursi\/","title":{"rendered":"Prirodni resursi"},"content":{"rendered":"\t\t<div data-elementor-type=\"wp-page\" data-elementor-id=\"6303\" class=\"elementor elementor-6303\">\n\t\t\t\t<div class=\"elementor-element elementor-element-6680c1fb e-con-full e-flex e-con e-parent\" data-id=\"6680c1fb\" data-element_type=\"container\">\n\t\t\t\t<div class=\"elementor-element elementor-element-25061f2 elementor-arrows-position-inside elementor-pagination-position-outside elementor-widget elementor-widget-image-carousel\" data-id=\"25061f2\" data-element_type=\"widget\" data-settings=\"{&quot;slides_to_show&quot;:&quot;1&quot;,&quot;navigation&quot;:&quot;both&quot;,&quot;autoplay&quot;:&quot;yes&quot;,&quot;pause_on_hover&quot;:&quot;yes&quot;,&quot;pause_on_interaction&quot;:&quot;yes&quot;,&quot;autoplay_speed&quot;:5000,&quot;infinite&quot;:&quot;yes&quot;,&quot;effect&quot;:&quot;slide&quot;,&quot;speed&quot;:500}\" data-widget_type=\"image-carousel.default\">\n\t\t\t\t<div class=\"elementor-widget-container\">\n\t\t\t<style>\/*! elementor - v3.21.0 - 20-05-2024 *\/\n.elementor-widget-image-carousel .swiper,.elementor-widget-image-carousel .swiper-container{position:static}.elementor-widget-image-carousel .swiper-container .swiper-slide figure,.elementor-widget-image-carousel .swiper .swiper-slide figure{line-height:inherit}.elementor-widget-image-carousel .swiper-slide{text-align:center}.elementor-image-carousel-wrapper:not(.swiper-container-initialized):not(.swiper-initialized) .swiper-slide{max-width:calc(100% \/ var(--e-image-carousel-slides-to-show, 3))}<\/style>\t\t<div class=\"elementor-image-carousel-wrapper swiper\" dir=\"ltr\">\n\t\t\t<div class=\"elementor-image-carousel swiper-wrapper\" aria-live=\"off\">\n\t\t\t\t\t\t\t\t<div class=\"swiper-slide\" role=\"group\" aria-roledescription=\"slide\" aria-label=\"1 of 11\"><figure class=\"swiper-slide-inner\"><img decoding=\"async\" class=\"swiper-slide-image\" src=\"https:\/\/reumal.ba\/wp-content\/uploads\/2020\/07\/d85ebb3c95917b5207352cf446eef7ff.jpeg\" alt=\"d85ebb3c95917b5207352cf446eef7ff\" \/><\/figure><\/div><div class=\"swiper-slide\" role=\"group\" aria-roledescription=\"slide\" aria-label=\"2 of 11\"><figure class=\"swiper-slide-inner\"><img decoding=\"async\" class=\"swiper-slide-image\" src=\"https:\/\/reumal.ba\/wp-content\/uploads\/2020\/07\/0f05ce4a7c911e8390ee024f2b200bef.jpeg\" alt=\"0f05ce4a7c911e8390ee024f2b200bef\" \/><\/figure><\/div><div class=\"swiper-slide\" role=\"group\" aria-roledescription=\"slide\" aria-label=\"3 of 11\"><figure class=\"swiper-slide-inner\"><img decoding=\"async\" class=\"swiper-slide-image\" src=\"https:\/\/reumal.ba\/wp-content\/uploads\/2020\/07\/4aa705553231d8055fbc947e7c9462f0.jpeg\" alt=\"4aa705553231d8055fbc947e7c9462f0\" \/><\/figure><\/div><div class=\"swiper-slide\" role=\"group\" aria-roledescription=\"slide\" aria-label=\"4 of 11\"><figure class=\"swiper-slide-inner\"><img decoding=\"async\" class=\"swiper-slide-image\" src=\"https:\/\/reumal.ba\/wp-content\/uploads\/2020\/07\/24ee92968997819bb15d9fd96e85968e.jpeg\" alt=\"24ee92968997819bb15d9fd96e85968e\" \/><\/figure><\/div><div class=\"swiper-slide\" role=\"group\" aria-roledescription=\"slide\" aria-label=\"5 of 11\"><figure class=\"swiper-slide-inner\"><img decoding=\"async\" class=\"swiper-slide-image\" src=\"https:\/\/reumal.ba\/wp-content\/uploads\/2020\/07\/95c85b02cab249eeb708e4e6893bc5ea.jpeg\" alt=\"95c85b02cab249eeb708e4e6893bc5ea\" \/><\/figure><\/div><div class=\"swiper-slide\" role=\"group\" aria-roledescription=\"slide\" aria-label=\"6 of 11\"><figure class=\"swiper-slide-inner\"><img decoding=\"async\" class=\"swiper-slide-image\" src=\"https:\/\/reumal.ba\/wp-content\/uploads\/2020\/07\/b55bf1ffde1856ea4a6628efd2bb2aeb.jpeg\" alt=\"b55bf1ffde1856ea4a6628efd2bb2aeb\" \/><\/figure><\/div><div class=\"swiper-slide\" role=\"group\" aria-roledescription=\"slide\" aria-label=\"7 of 11\"><figure class=\"swiper-slide-inner\"><img decoding=\"async\" class=\"swiper-slide-image\" src=\"https:\/\/reumal.ba\/wp-content\/uploads\/2020\/07\/b73c7c73608542be638c090dfd8998b2.jpeg\" alt=\"b73c7c73608542be638c090dfd8998b2\" \/><\/figure><\/div><div class=\"swiper-slide\" role=\"group\" aria-roledescription=\"slide\" aria-label=\"8 of 11\"><figure class=\"swiper-slide-inner\"><img decoding=\"async\" class=\"swiper-slide-image\" src=\"https:\/\/reumal.ba\/wp-content\/uploads\/2020\/07\/b21102b7c8a873a80843b2e3657b3056.jpeg\" alt=\"b21102b7c8a873a80843b2e3657b3056\" \/><\/figure><\/div><div class=\"swiper-slide\" role=\"group\" aria-roledescription=\"slide\" aria-label=\"9 of 11\"><figure class=\"swiper-slide-inner\"><img decoding=\"async\" class=\"swiper-slide-image\" src=\"https:\/\/reumal.ba\/wp-content\/uploads\/2020\/07\/b28416ab665925c8efe8dee40b279bbe.jpeg\" alt=\"b28416ab665925c8efe8dee40b279bbe\" \/><\/figure><\/div><div class=\"swiper-slide\" role=\"group\" aria-roledescription=\"slide\" aria-label=\"10 of 11\"><figure class=\"swiper-slide-inner\"><img decoding=\"async\" class=\"swiper-slide-image\" src=\"https:\/\/reumal.ba\/wp-content\/uploads\/2020\/07\/c620315450ba121ef4076d80905995fd.jpeg\" alt=\"c620315450ba121ef4076d80905995fd\" \/><\/figure><\/div><div class=\"swiper-slide\" role=\"group\" aria-roledescription=\"slide\" aria-label=\"11 of 11\"><figure class=\"swiper-slide-inner\"><img decoding=\"async\" class=\"swiper-slide-image\" src=\"https:\/\/reumal.ba\/wp-content\/uploads\/2020\/07\/f5362be85d8783a0c2c0f8ba98625d1f.jpeg\" alt=\"f5362be85d8783a0c2c0f8ba98625d1f\" \/><\/figure><\/div>\t\t\t<\/div>\n\t\t\t\t\t\t\t\t\t\t\t\t<div class=\"elementor-swiper-button elementor-swiper-button-prev\" role=\"button\" tabindex=\"0\">\n\t\t\t\t\t\t<svg aria-hidden=\"true\" class=\"e-font-icon-svg e-eicon-chevron-left\" viewBox=\"0 0 1000 1000\" xmlns=\"http:\/\/www.w3.org\/2000\/svg\"><path d=\"M646 125C629 125 613 133 604 142L308 442C296 454 292 471 292 487 292 504 296 521 308 533L604 854C617 867 629 875 646 875 663 875 679 871 692 858 704 846 713 829 713 812 713 796 708 779 692 767L438 487 692 225C700 217 708 204 708 187 708 171 704 154 692 142 675 129 663 125 646 125Z\"><\/path><\/svg>\t\t\t\t\t<\/div>\n\t\t\t\t\t<div class=\"elementor-swiper-button elementor-swiper-button-next\" role=\"button\" tabindex=\"0\">\n\t\t\t\t\t\t<svg aria-hidden=\"true\" class=\"e-font-icon-svg e-eicon-chevron-right\" viewBox=\"0 0 1000 1000\" xmlns=\"http:\/\/www.w3.org\/2000\/svg\"><path d=\"M696 533C708 521 713 504 713 487 713 471 708 454 696 446L400 146C388 133 375 125 354 125 338 125 325 129 313 142 300 154 292 171 292 187 292 204 296 221 308 233L563 492 304 771C292 783 288 800 288 817 288 833 296 850 308 863 321 871 338 875 354 875 371 875 388 867 400 854L696 533Z\"><\/path><\/svg>\t\t\t\t\t<\/div>\n\t\t\t\t\n\t\t\t\t\t\t\t\t\t<div class=\"swiper-pagination\"><\/div>\n\t\t\t\t\t\t\t\t\t<\/div>\n\t\t\t\t<\/div>\n\t\t\t\t<\/div>\n\t\t\t\t<div class=\"elementor-element elementor-element-901b000 elementor-widget elementor-widget-heading\" data-id=\"901b000\" data-element_type=\"widget\" data-widget_type=\"heading.default\">\n\t\t\t\t<div class=\"elementor-widget-container\">\n\t\t\t<style>\/*! elementor - v3.21.0 - 20-05-2024 *\/\n.elementor-heading-title{padding:0;margin:0;line-height:1}.elementor-widget-heading .elementor-heading-title[class*=elementor-size-]>a{color:inherit;font-size:inherit;line-height:inherit}.elementor-widget-heading .elementor-heading-title.elementor-size-small{font-size:15px}.elementor-widget-heading .elementor-heading-title.elementor-size-medium{font-size:19px}.elementor-widget-heading .elementor-heading-title.elementor-size-large{font-size:29px}.elementor-widget-heading .elementor-heading-title.elementor-size-xl{font-size:39px}.elementor-widget-heading .elementor-heading-title.elementor-size-xxl{font-size:59px}<\/style><h2 class=\"elementor-heading-title elementor-size-default\">Proko\u0161ko jezero<\/h2>\t\t<\/div>\n\t\t\t\t<\/div>\n\t\t\t\t<div class=\"elementor-element elementor-element-e509cd elementor-widget elementor-widget-text-editor\" data-id=\"e509cd\" data-element_type=\"widget\" data-widget_type=\"text-editor.default\">\n\t\t\t\t<div class=\"elementor-widget-container\">\n\t\t\t<style>\/*! elementor - v3.21.0 - 20-05-2024 *\/\n.elementor-widget-text-editor.elementor-drop-cap-view-stacked .elementor-drop-cap{background-color:#69727d;color:#fff}.elementor-widget-text-editor.elementor-drop-cap-view-framed .elementor-drop-cap{color:#69727d;border:3px solid;background-color:transparent}.elementor-widget-text-editor:not(.elementor-drop-cap-view-default) .elementor-drop-cap{margin-top:8px}.elementor-widget-text-editor:not(.elementor-drop-cap-view-default) .elementor-drop-cap-letter{width:1em;height:1em}.elementor-widget-text-editor .elementor-drop-cap{float:left;text-align:center;line-height:1;font-size:50px}.elementor-widget-text-editor .elementor-drop-cap-letter{display:inline-block}<\/style>\t\t\t\t<p><!-- wp:paragraph --><\/p>\n<p>Proko\u0161ko jezero se nalazi na planini Vranica (na 1636 metara nadmorske visine) i udaljeno je od grada 22 kilometra makadamskim putem. Okru\u017eeno je planinama Vranica, Treskavica, Sjekira i Radovina, gle\u010derskog je porijekla i u njemu se jo\u0161 uvijek zadr\u017eao Rajzerov triton (Triturus alpestris reiseri), vrlo rijetka endemska \u017eivotinjica. Jezero je poribljeno, a ljeti omogu\u0107ava ugodno kupanje. Jezero je okru\u017eeno je sto\u010darskim kolibama \u2013 katunima u kojima tokom ljeta boravi lokalno stanovni\u0161tvo koje stoku izvodi na ispa\u0161u, a u katunima se mogu dobiti pravi doma\u0107i specijaliteti (ov\u010diji sir, kajmak, pita, hljeb ispod sa\u010da).<\/p>\n<p><!-- \/wp:paragraph --><\/p>\t\t\t\t\t\t<\/div>\n\t\t\t\t<\/div>\n\t\t\t\t<div class=\"elementor-element elementor-element-2da5949 elementor-widget elementor-widget-heading\" data-id=\"2da5949\" data-element_type=\"widget\" data-widget_type=\"heading.default\">\n\t\t\t\t<div class=\"elementor-widget-container\">\n\t\t\t<h2 class=\"elementor-heading-title elementor-size-default\">Slapovi Kozice<\/h2>\t\t<\/div>\n\t\t\t\t<\/div>\n\t\t\t\t<div class=\"elementor-element elementor-element-5655ac0 elementor-widget elementor-widget-text-editor\" data-id=\"5655ac0\" data-element_type=\"widget\" data-widget_type=\"text-editor.default\">\n\t\t\t\t<div class=\"elementor-widget-container\">\n\t\t\t\t\t\t\t<p><!-- wp:paragraph --><\/p>\n<p>Deset kilometara sjeverno od Fojnice nalaze se slapovi Kozice; 3 vodopada 10-20 m visine.<\/p>\n<p><!-- \/wp:paragraph --><\/p>\t\t\t\t\t\t<\/div>\n\t\t\t\t<\/div>\n\t\t\t\t<div class=\"elementor-element elementor-element-d1c3700 elementor-widget elementor-widget-heading\" data-id=\"d1c3700\" data-element_type=\"widget\" data-widget_type=\"heading.default\">\n\t\t\t\t<div class=\"elementor-widget-container\">\n\t\t\t<h2 class=\"elementor-heading-title elementor-size-default\">Rekreacijski centar \u201eBrusnica\u201c<\/h2>\t\t<\/div>\n\t\t\t\t<\/div>\n\t\t\t\t<div class=\"elementor-element elementor-element-230e5d5 elementor-widget elementor-widget-text-editor\" data-id=\"230e5d5\" data-element_type=\"widget\" data-widget_type=\"text-editor.default\">\n\t\t\t\t<div class=\"elementor-widget-container\">\n\t\t\t\t\t\t\t<p><!-- wp:paragraph --><\/p>\n<p>Nalazi se 16 km od Fojnice, na planini Vranici, najvi\u0161oj planini Srednje Bosne (2.115 m). Zami\u0161ljen je kao centar aktivnog odmora, \u010diji se glavni objekat hotel \u201cBrusnica\u201d nalazi na lokaciji Fratarske staje \u2013 Poljana, u neposrednoj blizini ski-liftova. RC \u201eBrusnica\u201c svojim gostima u ljetnom periodu nudi sljede\u0107e sadr\u017eaje: jahanje, brdski biciklizam, \u0161etnje markiranim i ure\u0111enim stazama, planinske transverzale, od kojih izdvajamo onu do Proko\u0161kog jezera dugu 33 km, bogat lov i ribolov, zabavi\u0161te za djecu, sportske terene za odbojku na pijesku i vi\u0161enamjenski sportski teren (nogomet, rukomet, ko\u0161arka i tenis) \u0161to je idealno za aktivni odmor. Hotel \u201eBrusnica\u201c raspola\u017ee sa 46 kreveta, restoranom i kamin salom sa 80 mjesta, terasom sa 60 mjesta, te saunom i salonom za masa\u017eu.<\/p>\n<p><!-- \/wp:paragraph --><\/p>\t\t\t\t\t\t<\/div>\n\t\t\t\t<\/div>\n\t\t\t\t<div class=\"elementor-element elementor-element-33800aa elementor-widget elementor-widget-heading\" data-id=\"33800aa\" data-element_type=\"widget\" data-widget_type=\"heading.default\">\n\t\t\t\t<div class=\"elementor-widget-container\">\n\t\t\t<h2 class=\"elementor-heading-title elementor-size-default\">Planinska ku\u0107a \u201eJezernica\u201c<\/h2>\t\t<\/div>\n\t\t\t\t<\/div>\n\t\t\t\t<div class=\"elementor-element elementor-element-ffb0f60 elementor-widget elementor-widget-text-editor\" data-id=\"ffb0f60\" data-element_type=\"widget\" data-widget_type=\"text-editor.default\">\n\t\t\t\t<div class=\"elementor-widget-container\">\n\t\t\t\t\t\t\t<p><!-- wp:paragraph --><\/p>\n<p>Nalazi se na putu Fojnica \u2013 Proko\u0161ko jezero na 1100 m n\/v, udaljena 12 km od Fojnice, a 8 km od Proko\u0161kog jezera makadamskim putem. Okru\u017eena netaknutom prirodom nudi idealne uslove za odmor, rekreaciju, planinarenje i \u0161etnje \u0161umskim stazama. U neposrednoj blizini Planinske ku\u0107e, pored rijeke Jezernice nalaze se lijepo ure\u0111eni hladnjaci, kao i igrali\u0161te za djecu, dok se unutar ku\u0107e najmla\u0111i mogu zabavljati uz video igrice. Planinska ku\u0107a \u201eJezernica\u201c raspola\u017ee sa 40 kreveta, te kamin-restoran kapaciteta 40 osoba u kojem se nudi izvrsna kuhinja kao i specijaliteti karakteristi\u010dni za ovaj dio Bosne i Hercegovine. Mnogi istinski zaljubljenici u planinu i prirodu do\u017eivljavaju ovdje neke od nezaboravnih iskustava.<\/p>\n<p><!-- \/wp:paragraph --><\/p>\t\t\t\t\t\t<\/div>\n\t\t\t\t<\/div>\n\t\t\t\t<\/div>\n\t\t<div class=\"elementor-element elementor-element-044664b e-flex e-con-boxed e-con e-parent\" data-id=\"044664b\" data-element_type=\"container\">\n\t\t\t\t\t<div class=\"e-con-inner\">\n\t\t\t\t<div class=\"elementor-element elementor-element-d1581fc elementor-widget elementor-widget-spacer\" data-id=\"d1581fc\" data-element_type=\"widget\" data-widget_type=\"spacer.default\">\n\t\t\t\t<div class=\"elementor-widget-container\">\n\t\t\t<style>\/*! elementor - v3.21.0 - 20-05-2024 *\/\n.elementor-column .elementor-spacer-inner{height:var(--spacer-size)}.e-con{--container-widget-width:100%}.e-con-inner>.elementor-widget-spacer,.e-con>.elementor-widget-spacer{width:var(--container-widget-width,var(--spacer-size));--align-self:var(--container-widget-align-self,initial);--flex-shrink:0}.e-con-inner>.elementor-widget-spacer>.elementor-widget-container,.e-con>.elementor-widget-spacer>.elementor-widget-container{height:100%;width:100%}.e-con-inner>.elementor-widget-spacer>.elementor-widget-container>.elementor-spacer,.e-con>.elementor-widget-spacer>.elementor-widget-container>.elementor-spacer{height:100%}.e-con-inner>.elementor-widget-spacer>.elementor-widget-container>.elementor-spacer>.elementor-spacer-inner,.e-con>.elementor-widget-spacer>.elementor-widget-container>.elementor-spacer>.elementor-spacer-inner{height:var(--container-widget-height,var(--spacer-size))}.e-con-inner>.elementor-widget-spacer.elementor-widget-empty,.e-con>.elementor-widget-spacer.elementor-widget-empty{position:relative;min-height:22px;min-width:22px}.e-con-inner>.elementor-widget-spacer.elementor-widget-empty .elementor-widget-empty-icon,.e-con>.elementor-widget-spacer.elementor-widget-empty .elementor-widget-empty-icon{position:absolute;top:0;bottom:0;left:0;right:0;margin:auto;padding:0;width:22px;height:22px}<\/style>\t\t<div class=\"elementor-spacer\">\n\t\t\t<div class=\"elementor-spacer-inner\"><\/div>\n\t\t<\/div>\n\t\t\t\t<\/div>\n\t\t\t\t<\/div>\n\t\t\t\t\t<\/div>\n\t\t\t\t<\/div>\n\t\t\t\t<\/div>\n\t\t","protected":false},"excerpt":{"rendered":"<p>Proko\u0161ko jezero Proko\u0161ko jezero se nalazi na planini Vranica (na 1636 metara nadmorske visine) i udaljeno je od grada 22 kilometra makadamskim putem. Okru\u017eeno je planinama Vranica, Treskavica, Sjekira i Radovina, gle\u010derskog je porijekla i u njemu se jo\u0161 uvijek zadr\u017eao Rajzerov triton (Triturus alpestris reiseri), vrlo rijetka endemska \u017eivotinjica. Jezero je poribljeno, a ljeti [&hellip;]<\/p>\n","protected":false},"author":1,"featured_media":5864,"parent":0,"menu_order":0,"comment_status":"closed","ping_status":"closed","template":"","meta":{"give_campaign_id":0,"footnotes":""},"class_list":["post-6303","page","type-page","status-publish","has-post-thumbnail","hentry"],"campaignId":"","_links":{"self":[{"href":"https:\/\/reumal.ba\/index.php\/wp-json\/wp\/v2\/pages\/6303","targetHints":{"allow":["GET"]}}],"collection":[{"href":"https:\/\/reumal.ba\/index.php\/wp-json\/wp\/v2\/pages"}],"about":[{"href":"https:\/\/reumal.ba\/index.php\/wp-json\/wp\/v2\/types\/page"}],"author":[{"embeddable":true,"href":"https:\/\/reumal.ba\/index.php\/wp-json\/wp\/v2\/users\/1"}],"replies":[{"embeddable":true,"href":"https:\/\/reumal.ba\/index.php\/wp-json\/wp\/v2\/comments?post=6303"}],"version-history":[{"count":4,"href":"https:\/\/reumal.ba\/index.php\/wp-json\/wp\/v2\/pages\/6303\/revisions"}],"predecessor-version":[{"id":6307,"href":"https:\/\/reumal.ba\/index.php\/wp-json\/wp\/v2\/pages\/6303\/revisions\/6307"}],"wp:featuredmedia":[{"embeddable":true,"href":"https:\/\/reumal.ba\/index.php\/wp-json\/wp\/v2\/media\/5864"}],"wp:attachment":[{"href":"https:\/\/reumal.ba\/index.php\/wp-json\/wp\/v2\/media?parent=6303"}],"curies":[{"name":"wp","href":"https:\/\/api.w.org\/{rel}","templated":true}]}}