{"id":6293,"date":"2024-04-15T09:35:43","date_gmt":"2024-04-15T09:35:43","guid":{"rendered":"https:\/\/priceless-roentgen.94-130-237-80.plesk.page\/?page_id=6293"},"modified":"2024-05-20T20:05:21","modified_gmt":"2024-05-20T20:05:21","slug":"wellness","status":"publish","type":"page","link":"https:\/\/reumal.ba\/index.php\/wellness\/","title":{"rendered":"Wellness"},"content":{"rendered":"\t\t<div data-elementor-type=\"wp-page\" data-elementor-id=\"6293\" class=\"elementor elementor-6293\">\n\t\t\t\t<div class=\"elementor-element elementor-element-6680c1fb e-con-full e-flex e-con e-parent\" data-id=\"6680c1fb\" data-element_type=\"container\">\n\t\t\t\t<div class=\"elementor-element elementor-element-25061f2 elementor-arrows-position-inside elementor-pagination-position-outside elementor-widget elementor-widget-image-carousel\" data-id=\"25061f2\" data-element_type=\"widget\" data-settings=\"{&quot;slides_to_show&quot;:&quot;1&quot;,&quot;navigation&quot;:&quot;both&quot;,&quot;autoplay&quot;:&quot;yes&quot;,&quot;pause_on_hover&quot;:&quot;yes&quot;,&quot;pause_on_interaction&quot;:&quot;yes&quot;,&quot;autoplay_speed&quot;:5000,&quot;infinite&quot;:&quot;yes&quot;,&quot;effect&quot;:&quot;slide&quot;,&quot;speed&quot;:500}\" data-widget_type=\"image-carousel.default\">\n\t\t\t\t<div class=\"elementor-widget-container\">\n\t\t\t<style>\/*! elementor - v3.21.0 - 20-05-2024 *\/\n.elementor-widget-image-carousel .swiper,.elementor-widget-image-carousel .swiper-container{position:static}.elementor-widget-image-carousel .swiper-container .swiper-slide figure,.elementor-widget-image-carousel .swiper .swiper-slide figure{line-height:inherit}.elementor-widget-image-carousel .swiper-slide{text-align:center}.elementor-image-carousel-wrapper:not(.swiper-container-initialized):not(.swiper-initialized) .swiper-slide{max-width:calc(100% \/ var(--e-image-carousel-slides-to-show, 3))}<\/style>\t\t<div class=\"elementor-image-carousel-wrapper swiper\" dir=\"ltr\">\n\t\t\t<div class=\"elementor-image-carousel swiper-wrapper\" aria-live=\"off\">\n\t\t\t\t\t\t\t\t<div class=\"swiper-slide\" role=\"group\" aria-roledescription=\"slide\" aria-label=\"1 of 11\"><figure class=\"swiper-slide-inner\"><img decoding=\"async\" class=\"swiper-slide-image\" src=\"https:\/\/reumal.ba\/wp-content\/uploads\/2020\/07\/Z88_6784-1536x1024.jpg\" alt=\"Z88_6784\" \/><\/figure><\/div><div class=\"swiper-slide\" role=\"group\" aria-roledescription=\"slide\" aria-label=\"2 of 11\"><figure class=\"swiper-slide-inner\"><img decoding=\"async\" class=\"swiper-slide-image\" src=\"https:\/\/reumal.ba\/wp-content\/uploads\/2020\/07\/Z88_0405-3-1536x1024.jpg\" alt=\"Z88_0405 (3)\" \/><\/figure><\/div><div class=\"swiper-slide\" role=\"group\" aria-roledescription=\"slide\" aria-label=\"3 of 11\"><figure class=\"swiper-slide-inner\"><img decoding=\"async\" class=\"swiper-slide-image\" src=\"https:\/\/reumal.ba\/wp-content\/uploads\/2020\/07\/Z88_6172-1536x1024.jpg\" alt=\"Z88_6172\" \/><\/figure><\/div><div class=\"swiper-slide\" role=\"group\" aria-roledescription=\"slide\" aria-label=\"4 of 11\"><figure class=\"swiper-slide-inner\"><img decoding=\"async\" class=\"swiper-slide-image\" src=\"https:\/\/reumal.ba\/wp-content\/uploads\/2020\/07\/Z88_6554-1536x1024.jpg\" alt=\"Z88_6554\" \/><\/figure><\/div><div class=\"swiper-slide\" role=\"group\" aria-roledescription=\"slide\" aria-label=\"5 of 11\"><figure class=\"swiper-slide-inner\"><img decoding=\"async\" class=\"swiper-slide-image\" src=\"https:\/\/reumal.ba\/wp-content\/uploads\/2020\/07\/Z88_0124-2-1536x1024.jpeg\" alt=\"Z88_0124 (2)\" \/><\/figure><\/div><div class=\"swiper-slide\" role=\"group\" aria-roledescription=\"slide\" aria-label=\"6 of 11\"><figure class=\"swiper-slide-inner\"><img decoding=\"async\" class=\"swiper-slide-image\" src=\"https:\/\/reumal.ba\/wp-content\/uploads\/2020\/07\/Z88_0518-2-1536x1024.jpg\" alt=\"Z88_0518 (2)\" \/><\/figure><\/div><div class=\"swiper-slide\" role=\"group\" aria-roledescription=\"slide\" aria-label=\"7 of 11\"><figure class=\"swiper-slide-inner\"><img decoding=\"async\" class=\"swiper-slide-image\" src=\"https:\/\/reumal.ba\/wp-content\/uploads\/2020\/07\/Z88_9500-3-1536x1024.jpg\" alt=\"Z88_9500 (3)\" \/><\/figure><\/div><div class=\"swiper-slide\" role=\"group\" aria-roledescription=\"slide\" aria-label=\"8 of 11\"><figure class=\"swiper-slide-inner\"><img decoding=\"async\" class=\"swiper-slide-image\" src=\"https:\/\/reumal.ba\/wp-content\/uploads\/2020\/07\/Z88_4364-1536x1024.jpg\" alt=\"Z88_4364\" \/><\/figure><\/div><div class=\"swiper-slide\" role=\"group\" aria-roledescription=\"slide\" aria-label=\"9 of 11\"><figure class=\"swiper-slide-inner\"><img decoding=\"async\" class=\"swiper-slide-image\" src=\"https:\/\/reumal.ba\/wp-content\/uploads\/2020\/07\/Z88_5132-2-1536x1024.jpg\" alt=\"Z88_5132 (2)\" \/><\/figure><\/div><div class=\"swiper-slide\" role=\"group\" aria-roledescription=\"slide\" aria-label=\"10 of 11\"><figure class=\"swiper-slide-inner\"><img decoding=\"async\" class=\"swiper-slide-image\" src=\"https:\/\/reumal.ba\/wp-content\/uploads\/2020\/07\/Z88_5149-2-1536x1024.jpg\" alt=\"Z88_5149 (2)\" \/><\/figure><\/div><div class=\"swiper-slide\" role=\"group\" aria-roledescription=\"slide\" aria-label=\"11 of 11\"><figure class=\"swiper-slide-inner\"><img decoding=\"async\" class=\"swiper-slide-image\" src=\"https:\/\/reumal.ba\/wp-content\/uploads\/2020\/07\/Z88_9863-2-1536x1024.jpg\" alt=\"Z88_9863 (2)\" \/><\/figure><\/div>\t\t\t<\/div>\n\t\t\t\t\t\t\t\t\t\t\t\t<div class=\"elementor-swiper-button elementor-swiper-button-prev\" role=\"button\" tabindex=\"0\">\n\t\t\t\t\t\t<svg aria-hidden=\"true\" class=\"e-font-icon-svg e-eicon-chevron-left\" viewBox=\"0 0 1000 1000\" xmlns=\"http:\/\/www.w3.org\/2000\/svg\"><path d=\"M646 125C629 125 613 133 604 142L308 442C296 454 292 471 292 487 292 504 296 521 308 533L604 854C617 867 629 875 646 875 663 875 679 871 692 858 704 846 713 829 713 812 713 796 708 779 692 767L438 487 692 225C700 217 708 204 708 187 708 171 704 154 692 142 675 129 663 125 646 125Z\"><\/path><\/svg>\t\t\t\t\t<\/div>\n\t\t\t\t\t<div class=\"elementor-swiper-button elementor-swiper-button-next\" role=\"button\" tabindex=\"0\">\n\t\t\t\t\t\t<svg aria-hidden=\"true\" class=\"e-font-icon-svg e-eicon-chevron-right\" viewBox=\"0 0 1000 1000\" xmlns=\"http:\/\/www.w3.org\/2000\/svg\"><path d=\"M696 533C708 521 713 504 713 487 713 471 708 454 696 446L400 146C388 133 375 125 354 125 338 125 325 129 313 142 300 154 292 171 292 187 292 204 296 221 308 233L563 492 304 771C292 783 288 800 288 817 288 833 296 850 308 863 321 871 338 875 354 875 371 875 388 867 400 854L696 533Z\"><\/path><\/svg>\t\t\t\t\t<\/div>\n\t\t\t\t\n\t\t\t\t\t\t\t\t\t<div class=\"swiper-pagination\"><\/div>\n\t\t\t\t\t\t\t\t\t<\/div>\n\t\t\t\t<\/div>\n\t\t\t\t<\/div>\n\t\t\t\t<div class=\"elementor-element elementor-element-e509cd elementor-widget elementor-widget-text-editor\" data-id=\"e509cd\" data-element_type=\"widget\" data-widget_type=\"text-editor.default\">\n\t\t\t\t<div class=\"elementor-widget-container\">\n\t\t\t<style>\/*! elementor - v3.21.0 - 20-05-2024 *\/\n.elementor-widget-text-editor.elementor-drop-cap-view-stacked .elementor-drop-cap{background-color:#69727d;color:#fff}.elementor-widget-text-editor.elementor-drop-cap-view-framed .elementor-drop-cap{color:#69727d;border:3px solid;background-color:transparent}.elementor-widget-text-editor:not(.elementor-drop-cap-view-default) .elementor-drop-cap{margin-top:8px}.elementor-widget-text-editor:not(.elementor-drop-cap-view-default) .elementor-drop-cap-letter{width:1em;height:1em}.elementor-widget-text-editor .elementor-drop-cap{float:left;text-align:center;line-height:1;font-size:50px}.elementor-widget-text-editor .elementor-drop-cap-letter{display:inline-block}<\/style>\t\t\t\t<p><!-- wp:paragraph --><\/p>\n<p>Wellness centar Reumal sadr\u017ei finsku i parnu saunu, hamam, jacuzzi, podvodnu masa\u017eu, salone za razli\u010dite vrste masa\u017ea, kneipp i tople klupe, fitness sobu sa trakama za tr\u010danje i biciklima, kozmeti\u010dki salon sa najmodernijom opremom, relax sobu namijenjenu odmoru i relaksaciji, hamam, te vitamin bar za osvje\u017eenje.<\/p>\n<p>Ovaj moderni wellness centar je dio strate\u0161kog oboga\u0107ivanja i pro\u0161irivanja turisti\u010dke ponude Reumala, ali i Fojnice, \u010dine\u0107i dostupnima specifi\u010dne usluge na ovim prostorima. U saradnji sa partnerima Wellness centar je opremljen savremenim aparatima \u010dijom se primjenom ostvaruju izvanredni rezultati u domenu estetike, kozmetike i wellnessa.<\/p>\n<p>Pored klasi\u010dnih wellness usluga poput masa\u017ea i sauna, centar nudi i tretmane iz oblasti kozmetike i estetike. Iz ponude treba posebno naglasiti tretmane kavitacije i radiofrekvencije, moderne postupke neinvazivnog i bezoblnog uklanjanja masnih naslaga kao alternativa liposukcije. Efekti ovih tretmana su vi\u0161estruki: poticanje metabolizma, uklanjanje masnih naslaga, uklanjanje celulita, zatezanje ko\u017ee, u\u010dvr\u0161\u0107ivanje ko\u017ee i oblikovanje tijela.<\/p>\n<p>Kozmeti\u010dki salon raspola\u017ee tako\u0111er savremenim aparatom Beauty Tower kojim se vr\u0161e svi tretmani lica (vapozon, vakuum i raspr\u0161iva\u010d, visoka frekvencija, frimator, Wood-ova lampa, cryo-termo terapija). Salon pru\u017ea i usluge manikira i pedikira, depilacije, te razli\u010ditih tretmana tijela.<\/p>\n<p>Sportski sadr\u017eaji su svakako neizostavan segment ponude svakog wellness i spa centra, pa tako i Wellness centar Reumal svojim klijentima pru\u017ea dodatne mogu\u0107nosti aktivnog sudjelovanja u procesu oblikovanja tijela i redukcije tjelesne te\u017eine. Kori\u0161tenjem fitness trake i bicikla izvode se aktivnosti koje ne predstavljaju dodatni stres u procesu u\u010denja, ve\u0107 su jednostavne za izvo\u0111enje, a istodobno zahtjevne u smislu fizi\u010dkog optere\u0107enja.<\/p>\n<p>Za\u0161to Hamam?<\/p>\n<p>Vla\u017ena para stimuli\u0161e protok krvi i intenzivno \u010disti ko\u017eu otvaraju\u0107i pore, otklanja odumrle slojeve ko\u017ee i ostavlja ko\u017eu mekanom, \u010distom i svilenkasto nje\u017enom. Djelotvorno je za osove koje pate od poreme\u0107aja u spavanju, pretjeranog umora, oslabljene cirkulacije, suhe i napuknute ko\u017ee, napetih i oslabljenih mi\u0161i\u0107a, te osjetljivost kod naglih promjena temperature.<\/p>\n<p>Ritual Hamam je pravo opu\u0161tanje koje uklju\u010duje finsku i parnu saunu za otvaranje pora i \u010di\u0161\u0107enje ko\u017ee, pobolj\u0161ava se cirkulacija tako da ko\u017ea dobija zdrav sjaj. Nakon toga slijedi izmjeni\u010dno polijevanje hladno-tople vode po tijelu (kneippanje), zatim piling tijela i na samom kraju slijedi masa\u017ea.<\/p>\n<p>Masa\u017ea je lijek, opu\u0161tanje, na\u010din da se \u010dovjek probudi i uspava, da vrati izgubljenu sigurnost, potpuno spozna svoje tijelo, da prepozna neka mjesta na kojima je napet a toga mo\u017eda nije ni svjestan.<\/p>\n<p>Pozitivni efekti masa\u017ee su raznovrsni: pobolj\u0161ava lokalnu prokrvljenost, sni\u017eava krvni pritisak i puls, opu\u0161ta muskulaturu, pospje\u0161uje zarastanje rana i o\u017eiljaka, ubla\u017eava bol, ubrzava metabolizam \u0107elija u tkivu, reducira stres, stvara psihi\u010dku opu\u0161tenost, odr\u017eava elasti\u010dnost ko\u017ee i vezivnih tkiva i utje\u010de na cjelokupan vegetativni nervni sistem.<\/p>\n<blockquote><strong><em>Iz ponude izdvajamo:<\/em><\/strong><br \/><strong><em>Klasi\u010dna masa\u017ea \u2013 Aroma masa\u017ea \u2013 \u010cetveroru\u010dna masa\u017ea \u2013 Refleksna masa\u017ea stopala \u2013 Sportska masa\u017ea \u2013 Masa\u017ea lica<\/em><\/strong><\/blockquote>\n<p><!-- \/wp:paragraph --><\/p>\t\t\t\t\t\t<\/div>\n\t\t\t\t<\/div>\n\t\t\t\t<\/div>\n\t\t<div class=\"elementor-element elementor-element-044664b e-flex e-con-boxed e-con e-parent\" data-id=\"044664b\" data-element_type=\"container\">\n\t\t\t\t\t<div class=\"e-con-inner\">\n\t\t\t\t<div class=\"elementor-element elementor-element-d1581fc elementor-widget elementor-widget-spacer\" data-id=\"d1581fc\" data-element_type=\"widget\" data-widget_type=\"spacer.default\">\n\t\t\t\t<div class=\"elementor-widget-container\">\n\t\t\t<style>\/*! elementor - v3.21.0 - 20-05-2024 *\/\n.elementor-column .elementor-spacer-inner{height:var(--spacer-size)}.e-con{--container-widget-width:100%}.e-con-inner>.elementor-widget-spacer,.e-con>.elementor-widget-spacer{width:var(--container-widget-width,var(--spacer-size));--align-self:var(--container-widget-align-self,initial);--flex-shrink:0}.e-con-inner>.elementor-widget-spacer>.elementor-widget-container,.e-con>.elementor-widget-spacer>.elementor-widget-container{height:100%;width:100%}.e-con-inner>.elementor-widget-spacer>.elementor-widget-container>.elementor-spacer,.e-con>.elementor-widget-spacer>.elementor-widget-container>.elementor-spacer{height:100%}.e-con-inner>.elementor-widget-spacer>.elementor-widget-container>.elementor-spacer>.elementor-spacer-inner,.e-con>.elementor-widget-spacer>.elementor-widget-container>.elementor-spacer>.elementor-spacer-inner{height:var(--container-widget-height,var(--spacer-size))}.e-con-inner>.elementor-widget-spacer.elementor-widget-empty,.e-con>.elementor-widget-spacer.elementor-widget-empty{position:relative;min-height:22px;min-width:22px}.e-con-inner>.elementor-widget-spacer.elementor-widget-empty .elementor-widget-empty-icon,.e-con>.elementor-widget-spacer.elementor-widget-empty .elementor-widget-empty-icon{position:absolute;top:0;bottom:0;left:0;right:0;margin:auto;padding:0;width:22px;height:22px}<\/style>\t\t<div class=\"elementor-spacer\">\n\t\t\t<div class=\"elementor-spacer-inner\"><\/div>\n\t\t<\/div>\n\t\t\t\t<\/div>\n\t\t\t\t<\/div>\n\t\t\t\t\t<\/div>\n\t\t\t\t<\/div>\n\t\t\t\t<\/div>\n\t\t","protected":false},"excerpt":{"rendered":"<p>Wellness centar Reumal sadr\u017ei finsku i parnu saunu, hamam, jacuzzi, podvodnu masa\u017eu, salone za razli\u010dite vrste masa\u017ea, kneipp i tople klupe, fitness sobu sa trakama za tr\u010danje i biciklima, kozmeti\u010dki salon sa najmodernijom opremom, relax sobu namijenjenu odmoru i relaksaciji, hamam, te vitamin bar za osvje\u017eenje. Ovaj moderni wellness centar je dio strate\u0161kog oboga\u0107ivanja i [&hellip;]<\/p>\n","protected":false},"author":1,"featured_media":5864,"parent":0,"menu_order":0,"comment_status":"closed","ping_status":"closed","template":"","meta":{"give_campaign_id":0,"footnotes":""},"class_list":["post-6293","page","type-page","status-publish","has-post-thumbnail","hentry"],"campaignId":"","_links":{"self":[{"href":"https:\/\/reumal.ba\/index.php\/wp-json\/wp\/v2\/pages\/6293","targetHints":{"allow":["GET"]}}],"collection":[{"href":"https:\/\/reumal.ba\/index.php\/wp-json\/wp\/v2\/pages"}],"about":[{"href":"https:\/\/reumal.ba\/index.php\/wp-json\/wp\/v2\/types\/page"}],"author":[{"embeddable":true,"href":"https:\/\/reumal.ba\/index.php\/wp-json\/wp\/v2\/users\/1"}],"replies":[{"embeddable":true,"href":"https:\/\/reumal.ba\/index.php\/wp-json\/wp\/v2\/comments?post=6293"}],"version-history":[{"count":25,"href":"https:\/\/reumal.ba\/index.php\/wp-json\/wp\/v2\/pages\/6293\/revisions"}],"predecessor-version":[{"id":6637,"href":"https:\/\/reumal.ba\/index.php\/wp-json\/wp\/v2\/pages\/6293\/revisions\/6637"}],"wp:featuredmedia":[{"embeddable":true,"href":"https:\/\/reumal.ba\/index.php\/wp-json\/wp\/v2\/media\/5864"}],"wp:attachment":[{"href":"https:\/\/reumal.ba\/index.php\/wp-json\/wp\/v2\/media?parent=6293"}],"curies":[{"name":"wp","href":"https:\/\/api.w.org\/{rel}","templated":true}]}}