{"id":6285,"date":"2024-04-15T09:31:06","date_gmt":"2024-04-15T09:31:06","guid":{"rendered":"https:\/\/priceless-roentgen.94-130-237-80.plesk.page\/?page_id=6285"},"modified":"2024-04-15T09:34:03","modified_gmt":"2024-04-15T09:34:03","slug":"vaskularni-program","status":"publish","type":"page","link":"https:\/\/reumal.ba\/index.php\/vaskularni-program\/","title":{"rendered":"Vaskularni program"},"content":{"rendered":"\t\t<div data-elementor-type=\"wp-page\" data-elementor-id=\"6285\" class=\"elementor elementor-6285\">\n\t\t\t\t<div class=\"elementor-element elementor-element-6680c1fb e-con-full e-flex e-con e-parent\" data-id=\"6680c1fb\" data-element_type=\"container\">\n\t\t\t\t<div class=\"elementor-element elementor-element-857b5a9 elementor-widget elementor-widget-heading\" data-id=\"857b5a9\" data-element_type=\"widget\" data-widget_type=\"heading.default\">\n\t\t\t\t<div class=\"elementor-widget-container\">\n\t\t\t<style>\/*! elementor - v3.21.0 - 20-05-2024 *\/\n.elementor-heading-title{padding:0;margin:0;line-height:1}.elementor-widget-heading .elementor-heading-title[class*=elementor-size-]>a{color:inherit;font-size:inherit;line-height:inherit}.elementor-widget-heading .elementor-heading-title.elementor-size-small{font-size:15px}.elementor-widget-heading .elementor-heading-title.elementor-size-medium{font-size:19px}.elementor-widget-heading .elementor-heading-title.elementor-size-large{font-size:29px}.elementor-widget-heading .elementor-heading-title.elementor-size-xl{font-size:39px}.elementor-widget-heading .elementor-heading-title.elementor-size-xxl{font-size:59px}<\/style><h2 class=\"elementor-heading-title elementor-size-default\">Kako nastaju oboljenja vena?<\/h2>\t\t<\/div>\n\t\t\t\t<\/div>\n\t\t\t\t<div class=\"elementor-element elementor-element-51ff6e8 elementor-widget elementor-widget-text-editor\" data-id=\"51ff6e8\" data-element_type=\"widget\" data-widget_type=\"text-editor.default\">\n\t\t\t\t<div class=\"elementor-widget-container\">\n\t\t\t<style>\/*! elementor - v3.21.0 - 20-05-2024 *\/\n.elementor-widget-text-editor.elementor-drop-cap-view-stacked .elementor-drop-cap{background-color:#69727d;color:#fff}.elementor-widget-text-editor.elementor-drop-cap-view-framed .elementor-drop-cap{color:#69727d;border:3px solid;background-color:transparent}.elementor-widget-text-editor:not(.elementor-drop-cap-view-default) .elementor-drop-cap{margin-top:8px}.elementor-widget-text-editor:not(.elementor-drop-cap-view-default) .elementor-drop-cap-letter{width:1em;height:1em}.elementor-widget-text-editor .elementor-drop-cap{float:left;text-align:center;line-height:1;font-size:50px}.elementor-widget-text-editor .elementor-drop-cap-letter{display:inline-block}<\/style>\t\t\t\t<p>Arterije dovode krv koja je bogata kisikom od srca prema ostalim dijelovima ljudskog tijela. Krv postepeno otpu\u0161ta kisik, te se kisik zamjenjuje ugljen- dioksidom. Krv u kojoj se nalazi ugljen-dioksid vene dovode iz svih dijelova ljudskog tijela prema srcu. Kada vene koje se nalaze u nogama ne mogu dovoditi dosta krvi prema srcu, nastaje bolest koja se naziva hroni\u010dna venska insuficijencija ili hroni\u010dna bolest vena.<\/p><p>Kada se ljudsko tijelo nalazi u uspravnom polo\u017eaju, krv koja se nalazi u venama nogu mora savladati gravitacijsku silu kako bi do\u0161la do srca. Mi\u0161i\u0107i nogu i stopala sti\u0161\u0107u vene i usmjeravaju krv prema srcu. Venske valvule koje se nalaze unutar lumena vena usmjeravaju protok krvi u smjeru prema srcu. Kada se mi\u0161i\u0107i na nogama relaksiraju\/opu\u0161taju, valvule se zatvaraju. Na taj na\u010din onemogu\u0107uju strujanje krvi u obratnom smjeru, odnosno vra\u0107anje krvi prema stopalu. Cijeli taj proces strujanja krvi prema srcu naziva se venska pumpa.<\/p><p>Dok se ljudsko tijelo kre\u0107e, mi\u0161i\u0107i se sti\u0161\u0107u i venska pumpa zadovoljavaju\u0107e radi. Kada se ljudsko tijelo nalazi u uspravnom i nepomi\u010dnom te u sjede\u0107em polo\u017eaju, posebno du\u017ee vrijeme, krv se nakuplja u venama nogu i posljedi\u010dno dolazi do pove\u0107anja pritiska unutar njih.<\/p><p>Zahtijevaju li radni zadaci provo\u0111enje vremena u nepomi\u010dnom uspravnom polo\u017eaju ili pak dugotrajnom sjede\u0107em polo\u017eaju, mo\u017ee nastati slabost stijenke\/ zida vene i\/ili o\u0161te\u0107enje valvula vene, \u0161to uzrokuje nastanak hroni\u010dne venske insuficijencije.<\/p>\t\t\t\t\t\t<\/div>\n\t\t\t\t<\/div>\n\t\t\t\t<div class=\"elementor-element elementor-element-8c7080b elementor-widget elementor-widget-heading\" data-id=\"8c7080b\" data-element_type=\"widget\" data-widget_type=\"heading.default\">\n\t\t\t\t<div class=\"elementor-widget-container\">\n\t\t\t<h2 class=\"elementor-heading-title elementor-size-default\">Kako prepoznati problem?<\/h2>\t\t<\/div>\n\t\t\t\t<\/div>\n\t\t\t\t<div class=\"elementor-element elementor-element-e9e932f elementor-widget elementor-widget-text-editor\" data-id=\"e9e932f\" data-element_type=\"widget\" data-widget_type=\"text-editor.default\">\n\t\t\t\t<div class=\"elementor-widget-container\">\n\t\t\t\t\t\t\t<p>Zglobovi mogu biti ote\u010deni. Bolesnici navode osje\u0107aj te\u017eine u potkoljenicama, umor i peckanje te bolove za vrijeme hoda ili neposredno poslije zaustavljanja.<\/p><p>Kod hroni\u010dne venske insuficijencije pojavljuju se varikozne vene. Varikozne vene su pro\u0161irene vene koje se vide neposredno ispod ko\u017ee. One su \u010desto plave boje, izbo\u010dene i zavinute. Velike varikozne vene uzrokuju promjene na ko\u017ei kao \u0161to su osip, crvenilo i osjetljivost.<\/p><p>Hroni\u010dna venska insuficijencija mo\u017ee uzrokovati oticanje cijele du\u017eine noge zbog pove\u0107anja pritiska krvne struje unutar venskog sistema. Limfne \u017eile poja\u010dano stvaraju teku\u0107inu koja se naziva limfa, kako bi umanjile \u0161tetne posljedice hroni\u010dne venske insuficijencije. Meka tkiva na nogama apsorbiraju limfnu teku\u0107inu te tako pove\u0107avaju mogu\u0107nost nastanka oticanja noge. Kod dugotrajne hroni\u010dne venske insuficijencije i oticanja nogu mo\u017ee do\u0107i do nastanka ulkusa (o\u0161te\u0107enje povr\u0161nih dijelova ko\u017ee, i to na donjim dijelovima nogu).<\/p>\t\t\t\t\t\t<\/div>\n\t\t\t\t<\/div>\n\t\t\t\t<div class=\"elementor-element elementor-element-8f26945 elementor-widget elementor-widget-heading\" data-id=\"8f26945\" data-element_type=\"widget\" data-widget_type=\"heading.default\">\n\t\t\t\t<div class=\"elementor-widget-container\">\n\t\t\t<h2 class=\"elementor-heading-title elementor-size-default\">Kategorije koje naj\u010de\u0161\u0107e obolijevaju<\/h2>\t\t<\/div>\n\t\t\t\t<\/div>\n\t\t\t\t<div class=\"elementor-element elementor-element-8478673 elementor-widget elementor-widget-text-editor\" data-id=\"8478673\" data-element_type=\"widget\" data-widget_type=\"text-editor.default\">\n\t\t\t\t<div class=\"elementor-widget-container\">\n\t\t\t\t\t\t\t<p>Predisponiraju\u0107i faktori za nastanak hroni\u010dne venske insuficijencije su:<\/p><ul><li>pretjerana tjelesna te\u017eina \/ adipoznost<\/li><li>trudno\u0107a<\/li><li>nedovoljno kretanje<\/li><li>pu\u0161enje<\/li><li>dugotrajno stajanje bez mogu\u0107nosti kretanja<\/li><li>dugotrajno sjedenje na radnom mjestu<\/li><li>rad i boravak u toplim i vla\u017enim uslovima<\/li><li>hiperholesterolemija<\/li><li>hipetrigliceridemia<\/li><\/ul><p>Nadalje, spol i dob su tako\u0111er predisponiraju\u0107i faktor za nastanak hroni\u010dne venske insuficijencije. Naime, kod \u017eena iznad pedeset godina starosti hroni\u010dna venska insuficijencija je naju\u010destalija.<\/p>\t\t\t\t\t\t<\/div>\n\t\t\t\t<\/div>\n\t\t\t\t<div class=\"elementor-element elementor-element-8a17514 elementor-widget elementor-widget-heading\" data-id=\"8a17514\" data-element_type=\"widget\" data-widget_type=\"heading.default\">\n\t\t\t\t<div class=\"elementor-widget-container\">\n\t\t\t<h2 class=\"elementor-heading-title elementor-size-default\">Indikacije za koje je proporu\u010den Vaskularni program<\/h2>\t\t<\/div>\n\t\t\t\t<\/div>\n\t\t\t\t<div class=\"elementor-element elementor-element-e333f17 elementor-widget elementor-widget-text-editor\" data-id=\"e333f17\" data-element_type=\"widget\" data-widget_type=\"text-editor.default\">\n\t\t\t\t<div class=\"elementor-widget-container\">\n\t\t\t\t\t\t\t<p>Ovaj program se preporu\u010duje svim osobama, bez obzira na spol i dob, kod kojih su se pojavile pro\u0161irene vene, koje su imale operativne zahvate na venama ili duboku vensku trombozu, kao i osobama koje pate od \u010destog oticanja nogu.<br \/>Efekti koji se posti\u017eu vaskularnom terapijom su vi\u0161estruki; otklanja se nate\u010denost i bol, pobolj\u0161ava se cirkulacija, kao i tonus i elasti\u010dnost krvnih sudova.<\/p>\t\t\t\t\t\t<\/div>\n\t\t\t\t<\/div>\n\t\t\t\t<\/div>\n\t\t<div class=\"elementor-element elementor-element-044664b e-flex e-con-boxed e-con e-parent\" data-id=\"044664b\" data-element_type=\"container\">\n\t\t\t\t\t<div class=\"e-con-inner\">\n\t\t\t\t<div class=\"elementor-element elementor-element-d1581fc elementor-widget elementor-widget-spacer\" data-id=\"d1581fc\" data-element_type=\"widget\" data-widget_type=\"spacer.default\">\n\t\t\t\t<div class=\"elementor-widget-container\">\n\t\t\t<style>\/*! elementor - v3.21.0 - 20-05-2024 *\/\n.elementor-column .elementor-spacer-inner{height:var(--spacer-size)}.e-con{--container-widget-width:100%}.e-con-inner>.elementor-widget-spacer,.e-con>.elementor-widget-spacer{width:var(--container-widget-width,var(--spacer-size));--align-self:var(--container-widget-align-self,initial);--flex-shrink:0}.e-con-inner>.elementor-widget-spacer>.elementor-widget-container,.e-con>.elementor-widget-spacer>.elementor-widget-container{height:100%;width:100%}.e-con-inner>.elementor-widget-spacer>.elementor-widget-container>.elementor-spacer,.e-con>.elementor-widget-spacer>.elementor-widget-container>.elementor-spacer{height:100%}.e-con-inner>.elementor-widget-spacer>.elementor-widget-container>.elementor-spacer>.elementor-spacer-inner,.e-con>.elementor-widget-spacer>.elementor-widget-container>.elementor-spacer>.elementor-spacer-inner{height:var(--container-widget-height,var(--spacer-size))}.e-con-inner>.elementor-widget-spacer.elementor-widget-empty,.e-con>.elementor-widget-spacer.elementor-widget-empty{position:relative;min-height:22px;min-width:22px}.e-con-inner>.elementor-widget-spacer.elementor-widget-empty .elementor-widget-empty-icon,.e-con>.elementor-widget-spacer.elementor-widget-empty .elementor-widget-empty-icon{position:absolute;top:0;bottom:0;left:0;right:0;margin:auto;padding:0;width:22px;height:22px}<\/style>\t\t<div class=\"elementor-spacer\">\n\t\t\t<div class=\"elementor-spacer-inner\"><\/div>\n\t\t<\/div>\n\t\t\t\t<\/div>\n\t\t\t\t<\/div>\n\t\t\t\t\t<\/div>\n\t\t\t\t<\/div>\n\t\t\t\t<\/div>\n\t\t","protected":false},"excerpt":{"rendered":"<p>Kako nastaju oboljenja vena? Arterije dovode krv koja je bogata kisikom od srca prema ostalim dijelovima ljudskog tijela. Krv postepeno otpu\u0161ta kisik, te se kisik zamjenjuje ugljen- dioksidom. Krv u kojoj se nalazi ugljen-dioksid vene dovode iz svih dijelova ljudskog tijela prema srcu. Kada vene koje se nalaze u nogama ne mogu dovoditi dosta krvi [&hellip;]<\/p>\n","protected":false},"author":1,"featured_media":5864,"parent":0,"menu_order":0,"comment_status":"closed","ping_status":"closed","template":"","meta":{"give_campaign_id":0,"footnotes":""},"class_list":["post-6285","page","type-page","status-publish","has-post-thumbnail","hentry"],"campaignId":"","_links":{"self":[{"href":"https:\/\/reumal.ba\/index.php\/wp-json\/wp\/v2\/pages\/6285","targetHints":{"allow":["GET"]}}],"collection":[{"href":"https:\/\/reumal.ba\/index.php\/wp-json\/wp\/v2\/pages"}],"about":[{"href":"https:\/\/reumal.ba\/index.php\/wp-json\/wp\/v2\/types\/page"}],"author":[{"embeddable":true,"href":"https:\/\/reumal.ba\/index.php\/wp-json\/wp\/v2\/users\/1"}],"replies":[{"embeddable":true,"href":"https:\/\/reumal.ba\/index.php\/wp-json\/wp\/v2\/comments?post=6285"}],"version-history":[{"count":4,"href":"https:\/\/reumal.ba\/index.php\/wp-json\/wp\/v2\/pages\/6285\/revisions"}],"predecessor-version":[{"id":6289,"href":"https:\/\/reumal.ba\/index.php\/wp-json\/wp\/v2\/pages\/6285\/revisions\/6289"}],"wp:featuredmedia":[{"embeddable":true,"href":"https:\/\/reumal.ba\/index.php\/wp-json\/wp\/v2\/media\/5864"}],"wp:attachment":[{"href":"https:\/\/reumal.ba\/index.php\/wp-json\/wp\/v2\/media?parent=6285"}],"curies":[{"name":"wp","href":"https:\/\/api.w.org\/{rel}","templated":true}]}}