{"id":6258,"date":"2024-04-15T09:14:04","date_gmt":"2024-04-15T09:14:04","guid":{"rendered":"https:\/\/priceless-roentgen.94-130-237-80.plesk.page\/?page_id=6258"},"modified":"2024-04-19T12:59:54","modified_gmt":"2024-04-19T12:59:54","slug":"tretmani-i-nacini-lijecenja","status":"publish","type":"page","link":"https:\/\/reumal.ba\/index.php\/tretmani-i-nacini-lijecenja\/","title":{"rendered":"Tretmani i na\u010dini lije\u010denja"},"content":{"rendered":"\t\t<div data-elementor-type=\"wp-page\" data-elementor-id=\"6258\" class=\"elementor elementor-6258\">\n\t\t\t\t<div class=\"elementor-element elementor-element-6680c1fb e-con-full e-flex e-con e-parent\" data-id=\"6680c1fb\" data-element_type=\"container\">\n\t\t\t\t<div class=\"elementor-element elementor-element-9a64d27 elementor-widget elementor-widget-heading\" data-id=\"9a64d27\" data-element_type=\"widget\" data-widget_type=\"heading.default\">\n\t\t\t\t<div class=\"elementor-widget-container\">\n\t\t\t<style>\/*! elementor - v3.21.0 - 20-05-2024 *\/\n.elementor-heading-title{padding:0;margin:0;line-height:1}.elementor-widget-heading .elementor-heading-title[class*=elementor-size-]>a{color:inherit;font-size:inherit;line-height:inherit}.elementor-widget-heading .elementor-heading-title.elementor-size-small{font-size:15px}.elementor-widget-heading .elementor-heading-title.elementor-size-medium{font-size:19px}.elementor-widget-heading .elementor-heading-title.elementor-size-large{font-size:29px}.elementor-widget-heading .elementor-heading-title.elementor-size-xl{font-size:39px}.elementor-widget-heading .elementor-heading-title.elementor-size-xxl{font-size:59px}<\/style><h2 class=\"elementor-heading-title elementor-size-default\">Hidroterapija<\/h2>\t\t<\/div>\n\t\t\t\t<\/div>\n\t\t\t\t<div class=\"elementor-element elementor-element-51ff6e8 elementor-widget elementor-widget-text-editor\" data-id=\"51ff6e8\" data-element_type=\"widget\" data-widget_type=\"text-editor.default\">\n\t\t\t\t<div class=\"elementor-widget-container\">\n\t\t\t<style>\/*! elementor - v3.21.0 - 20-05-2024 *\/\n.elementor-widget-text-editor.elementor-drop-cap-view-stacked .elementor-drop-cap{background-color:#69727d;color:#fff}.elementor-widget-text-editor.elementor-drop-cap-view-framed .elementor-drop-cap{color:#69727d;border:3px solid;background-color:transparent}.elementor-widget-text-editor:not(.elementor-drop-cap-view-default) .elementor-drop-cap{margin-top:8px}.elementor-widget-text-editor:not(.elementor-drop-cap-view-default) .elementor-drop-cap-letter{width:1em;height:1em}.elementor-widget-text-editor .elementor-drop-cap{float:left;text-align:center;line-height:1;font-size:50px}.elementor-widget-text-editor .elementor-drop-cap-letter{display:inline-block}<\/style>\t\t\t\t<ul><li>medicinska kupka<\/li><li>biserna kupka<\/li><li>podvodna masa\u017ea<\/li><li>podvodna masa\u017ea sa galvanizacijom<\/li><li>\u010detverostani\u010dne galvanske kupke<\/li><li>\u010detverostani\u010dne lokalne kupke<\/li><li>dvostrani\u010dne galvanske kupke<\/li><li>dvostani\u010dne lokalne kupke<\/li><li>galvanska kada<\/li><li>plivanje<\/li><li>grupne vje\u017ebe u bazenu<\/li><li>hidromasa\u017eni program<\/li><li>Kneipp staza<\/li><\/ul>\t\t\t\t\t\t<\/div>\n\t\t\t\t<\/div>\n\t\t\t\t<div class=\"elementor-element elementor-element-1c7ca56 elementor-widget elementor-widget-heading\" data-id=\"1c7ca56\" data-element_type=\"widget\" data-widget_type=\"heading.default\">\n\t\t\t\t<div class=\"elementor-widget-container\">\n\t\t\t<h2 class=\"elementor-heading-title elementor-size-default\">Elektroterapija<\/h2>\t\t<\/div>\n\t\t\t\t<\/div>\n\t\t\t\t<div class=\"elementor-element elementor-element-c4a4222 elementor-widget elementor-widget-text-editor\" data-id=\"c4a4222\" data-element_type=\"widget\" data-widget_type=\"text-editor.default\">\n\t\t\t\t<div class=\"elementor-widget-container\">\n\t\t\t\t\t\t\t<ul>\n<li>DDS (diadinamske struje)<\/li>\n<li>galvanizacija<\/li>\n<li>elektrostimulacija<\/li>\n<li>elektroforeza<\/li>\n<li>elektroforeza sa vlastitom ampulom<\/li>\n<li>interferentne struje<\/li>\n<li>interferentne struje + vakum masa\u017ea<\/li>\n<li>interferentne struje + ultrazvuk<\/li>\n<li>TENS<\/li>\n<li>magnetoterapija (solenoid)<\/li>\n<li>ultrazvuk<\/li>\n<li>ultrazvuk u vodi<\/li>\n<li>sonofreza sa antireumatskim gelom<\/li>\n<li>solux masa\u017ea<\/li>\n<li>solux lampa (lokalna)<\/li>\n<li>bioptron lampa<\/li>\n<li>kratki val<\/li>\n<li>laseroterapija<\/li>\n<li>ostale elektroprocedure<\/li>\n<\/ul>\t\t\t\t\t\t<\/div>\n\t\t\t\t<\/div>\n\t\t\t\t<div class=\"elementor-element elementor-element-e658d7b elementor-widget elementor-widget-heading\" data-id=\"e658d7b\" data-element_type=\"widget\" data-widget_type=\"heading.default\">\n\t\t\t\t<div class=\"elementor-widget-container\">\n\t\t\t<h2 class=\"elementor-heading-title elementor-size-default\">Kineziterapija<\/h2>\t\t<\/div>\n\t\t\t\t<\/div>\n\t\t\t\t<div class=\"elementor-element elementor-element-c485854 elementor-widget elementor-widget-text-editor\" data-id=\"c485854\" data-element_type=\"widget\" data-widget_type=\"text-editor.default\">\n\t\t\t\t<div class=\"elementor-widget-container\">\n\t\t\t\t\t\t\t<ul><li>grupne vje\u017ebe u sali<\/li><li>vertikalizacija<\/li><li>radna terapija<\/li><li>individualne vje\u017ebe<\/li><li>vje\u017ebe hoda<\/li><li>stati\u010dni bicikl<\/li><li>individualne vje\u017ebe u Hubbard kadi<\/li><\/ul>\t\t\t\t\t\t<\/div>\n\t\t\t\t<\/div>\n\t\t\t\t<div class=\"elementor-element elementor-element-0205a6f elementor-widget elementor-widget-heading\" data-id=\"0205a6f\" data-element_type=\"widget\" data-widget_type=\"heading.default\">\n\t\t\t\t<div class=\"elementor-widget-container\">\n\t\t\t<h2 class=\"elementor-heading-title elementor-size-default\">Termoterapija<\/h2>\t\t<\/div>\n\t\t\t\t<\/div>\n\t\t\t\t<div class=\"elementor-element elementor-element-5ab79eb elementor-widget elementor-widget-text-editor\" data-id=\"5ab79eb\" data-element_type=\"widget\" data-widget_type=\"text-editor.default\">\n\t\t\t\t<div class=\"elementor-widget-container\">\n\t\t\t\t\t\t\t<ul><li>kriomasa\u017ea \u2013 masa\u017ea lodom<\/li><li>krioobloge \u2013 hladne obloge<\/li><li>parafango<\/li><li>gnje\u010denje parafina<\/li><\/ul>\t\t\t\t\t\t<\/div>\n\t\t\t\t<\/div>\n\t\t\t\t<div class=\"elementor-element elementor-element-c8dee3e elementor-widget elementor-widget-heading\" data-id=\"c8dee3e\" data-element_type=\"widget\" data-widget_type=\"heading.default\">\n\t\t\t\t<div class=\"elementor-widget-container\">\n\t\t\t<h2 class=\"elementor-heading-title elementor-size-default\">Masa\u017ee<\/h2>\t\t<\/div>\n\t\t\t\t<\/div>\n\t\t\t\t<div class=\"elementor-element elementor-element-651b671 elementor-widget elementor-widget-text-editor\" data-id=\"651b671\" data-element_type=\"widget\" data-widget_type=\"text-editor.default\">\n\t\t\t\t<div class=\"elementor-widget-container\">\n\t\t\t\t\t\t\t<ul><li>manuelna masa\u017ea<\/li><li>manuelna limfna drena\u017ea<\/li><li>aparaturna limfna drena\u017ea<\/li><li>aroma masa\u017ea<\/li><li>\u010detveroru\u010dna masa\u017ea cijelog tijela<\/li><li>refleksna masa\u017ea stopala<\/li><li>sportska masa\u017ea<\/li><li>masa\u017ea za trudnice<\/li><li>vakum masa\u017ea<\/li><li>podvodna masa\u017ea<\/li><\/ul>\t\t\t\t\t\t<\/div>\n\t\t\t\t<\/div>\n\t\t\t\t<\/div>\n\t\t<div class=\"elementor-element elementor-element-044664b e-flex e-con-boxed e-con e-parent\" data-id=\"044664b\" data-element_type=\"container\">\n\t\t\t\t\t<div class=\"e-con-inner\">\n\t\t\t\t<div class=\"elementor-element elementor-element-d1581fc elementor-widget elementor-widget-spacer\" data-id=\"d1581fc\" data-element_type=\"widget\" data-widget_type=\"spacer.default\">\n\t\t\t\t<div class=\"elementor-widget-container\">\n\t\t\t<style>\/*! elementor - v3.21.0 - 20-05-2024 *\/\n.elementor-column .elementor-spacer-inner{height:var(--spacer-size)}.e-con{--container-widget-width:100%}.e-con-inner>.elementor-widget-spacer,.e-con>.elementor-widget-spacer{width:var(--container-widget-width,var(--spacer-size));--align-self:var(--container-widget-align-self,initial);--flex-shrink:0}.e-con-inner>.elementor-widget-spacer>.elementor-widget-container,.e-con>.elementor-widget-spacer>.elementor-widget-container{height:100%;width:100%}.e-con-inner>.elementor-widget-spacer>.elementor-widget-container>.elementor-spacer,.e-con>.elementor-widget-spacer>.elementor-widget-container>.elementor-spacer{height:100%}.e-con-inner>.elementor-widget-spacer>.elementor-widget-container>.elementor-spacer>.elementor-spacer-inner,.e-con>.elementor-widget-spacer>.elementor-widget-container>.elementor-spacer>.elementor-spacer-inner{height:var(--container-widget-height,var(--spacer-size))}.e-con-inner>.elementor-widget-spacer.elementor-widget-empty,.e-con>.elementor-widget-spacer.elementor-widget-empty{position:relative;min-height:22px;min-width:22px}.e-con-inner>.elementor-widget-spacer.elementor-widget-empty .elementor-widget-empty-icon,.e-con>.elementor-widget-spacer.elementor-widget-empty .elementor-widget-empty-icon{position:absolute;top:0;bottom:0;left:0;right:0;margin:auto;padding:0;width:22px;height:22px}<\/style>\t\t<div class=\"elementor-spacer\">\n\t\t\t<div class=\"elementor-spacer-inner\"><\/div>\n\t\t<\/div>\n\t\t\t\t<\/div>\n\t\t\t\t<\/div>\n\t\t\t\t\t<\/div>\n\t\t\t\t<\/div>\n\t\t\t\t<\/div>\n\t\t","protected":false},"excerpt":{"rendered":"<p>Hidroterapija medicinska kupka biserna kupka podvodna masa\u017ea podvodna masa\u017ea sa galvanizacijom \u010detverostani\u010dne galvanske kupke \u010detverostani\u010dne lokalne kupke dvostrani\u010dne galvanske kupke dvostani\u010dne lokalne kupke galvanska kada plivanje grupne vje\u017ebe u bazenu hidromasa\u017eni program Kneipp staza Elektroterapija DDS (diadinamske struje) galvanizacija elektrostimulacija elektroforeza elektroforeza sa vlastitom ampulom interferentne struje interferentne struje + vakum masa\u017ea interferentne struje + [&hellip;]<\/p>\n","protected":false},"author":1,"featured_media":5864,"parent":0,"menu_order":0,"comment_status":"closed","ping_status":"closed","template":"","meta":{"give_campaign_id":0,"footnotes":""},"class_list":["post-6258","page","type-page","status-publish","has-post-thumbnail","hentry"],"campaignId":"","_links":{"self":[{"href":"https:\/\/reumal.ba\/index.php\/wp-json\/wp\/v2\/pages\/6258","targetHints":{"allow":["GET"]}}],"collection":[{"href":"https:\/\/reumal.ba\/index.php\/wp-json\/wp\/v2\/pages"}],"about":[{"href":"https:\/\/reumal.ba\/index.php\/wp-json\/wp\/v2\/types\/page"}],"author":[{"embeddable":true,"href":"https:\/\/reumal.ba\/index.php\/wp-json\/wp\/v2\/users\/1"}],"replies":[{"embeddable":true,"href":"https:\/\/reumal.ba\/index.php\/wp-json\/wp\/v2\/comments?post=6258"}],"version-history":[{"count":7,"href":"https:\/\/reumal.ba\/index.php\/wp-json\/wp\/v2\/pages\/6258\/revisions"}],"predecessor-version":[{"id":6405,"href":"https:\/\/reumal.ba\/index.php\/wp-json\/wp\/v2\/pages\/6258\/revisions\/6405"}],"wp:featuredmedia":[{"embeddable":true,"href":"https:\/\/reumal.ba\/index.php\/wp-json\/wp\/v2\/media\/5864"}],"wp:attachment":[{"href":"https:\/\/reumal.ba\/index.php\/wp-json\/wp\/v2\/media?parent=6258"}],"curies":[{"name":"wp","href":"https:\/\/api.w.org\/{rel}","templated":true}]}}