{"id":6235,"date":"2024-04-15T09:07:30","date_gmt":"2024-04-15T09:07:30","guid":{"rendered":"https:\/\/priceless-roentgen.94-130-237-80.plesk.page\/?page_id=6235"},"modified":"2024-05-16T09:34:36","modified_gmt":"2024-05-16T09:34:36","slug":"odjel-za-kardiorehabilitaciju","status":"publish","type":"page","link":"https:\/\/reumal.ba\/index.php\/odjel-za-kardiorehabilitaciju\/","title":{"rendered":"Odjel za kardiorehabilitaciju"},"content":{"rendered":"\t\t<div data-elementor-type=\"wp-page\" data-elementor-id=\"6235\" class=\"elementor elementor-6235\">\n\t\t\t\t<div class=\"elementor-element elementor-element-6680c1fb e-con-full e-flex e-con e-parent\" data-id=\"6680c1fb\" data-element_type=\"container\">\n\t\t\t\t<div class=\"elementor-element elementor-element-db8f51b elementor-arrows-position-inside elementor-pagination-position-outside elementor-widget elementor-widget-image-carousel\" data-id=\"db8f51b\" data-element_type=\"widget\" data-settings=\"{&quot;slides_to_show&quot;:&quot;1&quot;,&quot;navigation&quot;:&quot;both&quot;,&quot;autoplay&quot;:&quot;yes&quot;,&quot;pause_on_hover&quot;:&quot;yes&quot;,&quot;pause_on_interaction&quot;:&quot;yes&quot;,&quot;autoplay_speed&quot;:5000,&quot;infinite&quot;:&quot;yes&quot;,&quot;effect&quot;:&quot;slide&quot;,&quot;speed&quot;:500}\" data-widget_type=\"image-carousel.default\">\n\t\t\t\t<div class=\"elementor-widget-container\">\n\t\t\t<style>\/*! elementor - v3.21.0 - 20-05-2024 *\/\n.elementor-widget-image-carousel .swiper,.elementor-widget-image-carousel .swiper-container{position:static}.elementor-widget-image-carousel .swiper-container .swiper-slide figure,.elementor-widget-image-carousel .swiper .swiper-slide figure{line-height:inherit}.elementor-widget-image-carousel .swiper-slide{text-align:center}.elementor-image-carousel-wrapper:not(.swiper-container-initialized):not(.swiper-initialized) .swiper-slide{max-width:calc(100% \/ var(--e-image-carousel-slides-to-show, 3))}<\/style>\t\t<div class=\"elementor-image-carousel-wrapper swiper\" dir=\"ltr\">\n\t\t\t<div class=\"elementor-image-carousel swiper-wrapper\" aria-live=\"off\">\n\t\t\t\t\t\t\t\t<div class=\"swiper-slide\" role=\"group\" aria-roledescription=\"slide\" aria-label=\"1 of 5\"><figure class=\"swiper-slide-inner\"><img decoding=\"async\" class=\"swiper-slide-image\" src=\"https:\/\/reumal.ba\/wp-content\/uploads\/2020\/07\/Z88_0932-1536x1024.jpg\" alt=\"Z88_0932\" \/><\/figure><\/div><div class=\"swiper-slide\" role=\"group\" aria-roledescription=\"slide\" aria-label=\"2 of 5\"><figure class=\"swiper-slide-inner\"><img decoding=\"async\" class=\"swiper-slide-image\" src=\"https:\/\/reumal.ba\/wp-content\/uploads\/2020\/07\/Z88_0840-1536x1024.jpg\" alt=\"Z88_0840\" \/><\/figure><\/div><div class=\"swiper-slide\" role=\"group\" aria-roledescription=\"slide\" aria-label=\"3 of 5\"><figure class=\"swiper-slide-inner\"><img decoding=\"async\" class=\"swiper-slide-image\" src=\"https:\/\/reumal.ba\/wp-content\/uploads\/2020\/07\/Z88_3312-3-1536x1024.jpg\" alt=\"Z88_3312 (3)\" \/><\/figure><\/div><div class=\"swiper-slide\" role=\"group\" aria-roledescription=\"slide\" aria-label=\"4 of 5\"><figure class=\"swiper-slide-inner\"><img decoding=\"async\" class=\"swiper-slide-image\" src=\"https:\/\/reumal.ba\/wp-content\/uploads\/2020\/07\/Z88_5553-2-1536x1024.jpg\" alt=\"Z88_5553 (2)\" \/><\/figure><\/div><div class=\"swiper-slide\" role=\"group\" aria-roledescription=\"slide\" aria-label=\"5 of 5\"><figure class=\"swiper-slide-inner\"><img decoding=\"async\" class=\"swiper-slide-image\" src=\"https:\/\/reumal.ba\/wp-content\/uploads\/2020\/07\/DSC_1136-1-1536x1024.jpeg\" alt=\"DSC_1136\" \/><\/figure><\/div>\t\t\t<\/div>\n\t\t\t\t\t\t\t\t\t\t\t\t<div class=\"elementor-swiper-button elementor-swiper-button-prev\" role=\"button\" tabindex=\"0\">\n\t\t\t\t\t\t<svg aria-hidden=\"true\" class=\"e-font-icon-svg e-eicon-chevron-left\" viewBox=\"0 0 1000 1000\" xmlns=\"http:\/\/www.w3.org\/2000\/svg\"><path d=\"M646 125C629 125 613 133 604 142L308 442C296 454 292 471 292 487 292 504 296 521 308 533L604 854C617 867 629 875 646 875 663 875 679 871 692 858 704 846 713 829 713 812 713 796 708 779 692 767L438 487 692 225C700 217 708 204 708 187 708 171 704 154 692 142 675 129 663 125 646 125Z\"><\/path><\/svg>\t\t\t\t\t<\/div>\n\t\t\t\t\t<div class=\"elementor-swiper-button elementor-swiper-button-next\" role=\"button\" tabindex=\"0\">\n\t\t\t\t\t\t<svg aria-hidden=\"true\" class=\"e-font-icon-svg e-eicon-chevron-right\" viewBox=\"0 0 1000 1000\" xmlns=\"http:\/\/www.w3.org\/2000\/svg\"><path d=\"M696 533C708 521 713 504 713 487 713 471 708 454 696 446L400 146C388 133 375 125 354 125 338 125 325 129 313 142 300 154 292 171 292 187 292 204 296 221 308 233L563 492 304 771C292 783 288 800 288 817 288 833 296 850 308 863 321 871 338 875 354 875 371 875 388 867 400 854L696 533Z\"><\/path><\/svg>\t\t\t\t\t<\/div>\n\t\t\t\t\n\t\t\t\t\t\t\t\t\t<div class=\"swiper-pagination\"><\/div>\n\t\t\t\t\t\t\t\t\t<\/div>\n\t\t\t\t<\/div>\n\t\t\t\t<\/div>\n\t\t\t\t<div class=\"elementor-element elementor-element-51ff6e8 elementor-widget elementor-widget-text-editor\" data-id=\"51ff6e8\" data-element_type=\"widget\" data-widget_type=\"text-editor.default\">\n\t\t\t\t<div class=\"elementor-widget-container\">\n\t\t\t<style>\/*! elementor - v3.21.0 - 20-05-2024 *\/\n.elementor-widget-text-editor.elementor-drop-cap-view-stacked .elementor-drop-cap{background-color:#69727d;color:#fff}.elementor-widget-text-editor.elementor-drop-cap-view-framed .elementor-drop-cap{color:#69727d;border:3px solid;background-color:transparent}.elementor-widget-text-editor:not(.elementor-drop-cap-view-default) .elementor-drop-cap{margin-top:8px}.elementor-widget-text-editor:not(.elementor-drop-cap-view-default) .elementor-drop-cap-letter{width:1em;height:1em}.elementor-widget-text-editor .elementor-drop-cap{float:left;text-align:center;line-height:1;font-size:50px}.elementor-widget-text-editor .elementor-drop-cap-letter{display:inline-block}<\/style>\t\t\t\t<p>Odjel za kardiorehabilitaciju provodi rehabilitaciju bolesnika s preboljelim sr\u010danim infarktom, u\u010dinjenom perkutanom koronarnom intervencijom (PCI), operacijom sr\u010danih premosnica (CABG) ili sr\u010danih zalistaka, te drugih hroni\u010dnih stanja iz ove oblasti po nalogu kardiologa.<\/p>\n<p>Odjel raspola\u017ee s dvokrevetnim i jednokrevetnim sobama i apartmanima, te posebno opremljenim prostorima i dvoranama za medicinsku gimnastiku.<\/p>\n<p>Odjel je opremljen ergometrijskim kabinetom, kabinetom za Holter monitoring, te mogu\u0107no\u0161\u0107u ehokardiografskog pregleda.<br \/>Kardiolo\u0161ka rehabilitacija obuhva\u0107a skup mjera i postupaka sa svrhom postizanja najboljeg mogu\u0107eg fizi\u010dkog, psihi\u010dkog i socijalnog stanja tako da bolesnici nakon akutne epizode kardiovaskularne bolesti, znatnim dijelom svojim li\u010dnim snagama, o\u010duvaju, odnosno ponovno zauzmu mjesto u zajednici i nastave s dotada\u0161njim aktivnim \u017eivotom. Kontinuirani tjelesni trening \u010dini osnovu programa i sadr\u017eaja kardiolo\u0161ke rehabilitacije.<br \/><br \/><strong>Ciljevi kardiolo\u0161ke rehabilitacije:<\/strong><\/p>\n<ul>\n<li>Fizi\u010dki \u2013 upoznavanje s fizi\u010dkim ograni\u010denjima, u\u010denje daljnjeg \u017eivljenja sa somatskim invaliditetom, optimiziranje tolerancije napora kao i evaluacija uzroka ograni\u010denosti tolerancije napora<\/li>\n<li>Psiholo\u0161ki \u2013 pobje\u0111ivanje straha od fizi\u010dkih optere\u0107enja, obnavljanje emocionalne stabilnosti, te \u017eivljenje sa sr\u010danom bole\u0161\u0107u<\/li>\n<li>Socijalni \u2013 odr\u017eavanje neovisnog stila \u017eivljenja, povratak poslu i svakodnevnim du\u017enostima kao i obnavljanje porodi\u010dnih i dru\u0161tvenih uloga<\/li>\n<\/ul>\n<p><strong>Osnovni rehabilitacijski postupci se sastoje od:<\/strong><\/p>\n<ul>\n<li>Svakodnevnog kondicioniranja na ergociklu, te grupnih vje\u017ebi u dvorani i bazenu pod vodstvom fizioterapeuta<\/li>\n<li>Grupnih \u0161etnji po ba\u017edarenim stazama<\/li>\n<li>Dijetnog re\u017eima prehrane<\/li>\n<\/ul>\n<p>Pored same rehabilitacije, kod svakog bolesnika se provodi i potrebna dijagnosti\u010dka reevaluacija klini\u010dkog stanja, te po potrebi korekcija i titracija medikamentne terapije.<\/p>\t\t\t\t\t\t<\/div>\n\t\t\t\t<\/div>\n\t\t\t\t<\/div>\n\t\t<div class=\"elementor-element elementor-element-044664b e-flex e-con-boxed e-con e-parent\" data-id=\"044664b\" data-element_type=\"container\">\n\t\t\t\t\t<div class=\"e-con-inner\">\n\t\t\t\t<div class=\"elementor-element elementor-element-d1581fc elementor-widget elementor-widget-spacer\" data-id=\"d1581fc\" data-element_type=\"widget\" data-widget_type=\"spacer.default\">\n\t\t\t\t<div class=\"elementor-widget-container\">\n\t\t\t<style>\/*! elementor - v3.21.0 - 20-05-2024 *\/\n.elementor-column .elementor-spacer-inner{height:var(--spacer-size)}.e-con{--container-widget-width:100%}.e-con-inner>.elementor-widget-spacer,.e-con>.elementor-widget-spacer{width:var(--container-widget-width,var(--spacer-size));--align-self:var(--container-widget-align-self,initial);--flex-shrink:0}.e-con-inner>.elementor-widget-spacer>.elementor-widget-container,.e-con>.elementor-widget-spacer>.elementor-widget-container{height:100%;width:100%}.e-con-inner>.elementor-widget-spacer>.elementor-widget-container>.elementor-spacer,.e-con>.elementor-widget-spacer>.elementor-widget-container>.elementor-spacer{height:100%}.e-con-inner>.elementor-widget-spacer>.elementor-widget-container>.elementor-spacer>.elementor-spacer-inner,.e-con>.elementor-widget-spacer>.elementor-widget-container>.elementor-spacer>.elementor-spacer-inner{height:var(--container-widget-height,var(--spacer-size))}.e-con-inner>.elementor-widget-spacer.elementor-widget-empty,.e-con>.elementor-widget-spacer.elementor-widget-empty{position:relative;min-height:22px;min-width:22px}.e-con-inner>.elementor-widget-spacer.elementor-widget-empty .elementor-widget-empty-icon,.e-con>.elementor-widget-spacer.elementor-widget-empty .elementor-widget-empty-icon{position:absolute;top:0;bottom:0;left:0;right:0;margin:auto;padding:0;width:22px;height:22px}<\/style>\t\t<div class=\"elementor-spacer\">\n\t\t\t<div class=\"elementor-spacer-inner\"><\/div>\n\t\t<\/div>\n\t\t\t\t<\/div>\n\t\t\t\t<\/div>\n\t\t\t\t\t<\/div>\n\t\t\t\t<\/div>\n\t\t\t\t<\/div>\n\t\t","protected":false},"excerpt":{"rendered":"<p>Odjel za kardiorehabilitaciju provodi rehabilitaciju bolesnika s preboljelim sr\u010danim infarktom, u\u010dinjenom perkutanom koronarnom intervencijom (PCI), operacijom sr\u010danih premosnica (CABG) ili sr\u010danih zalistaka, te drugih hroni\u010dnih stanja iz ove oblasti po nalogu kardiologa. Odjel raspola\u017ee s dvokrevetnim i jednokrevetnim sobama i apartmanima, te posebno opremljenim prostorima i dvoranama za medicinsku gimnastiku. Odjel je opremljen ergometrijskim kabinetom, [&hellip;]<\/p>\n","protected":false},"author":1,"featured_media":5864,"parent":0,"menu_order":0,"comment_status":"closed","ping_status":"closed","template":"","meta":{"give_campaign_id":0,"footnotes":""},"class_list":["post-6235","page","type-page","status-publish","has-post-thumbnail","hentry"],"campaignId":"","_links":{"self":[{"href":"https:\/\/reumal.ba\/index.php\/wp-json\/wp\/v2\/pages\/6235","targetHints":{"allow":["GET"]}}],"collection":[{"href":"https:\/\/reumal.ba\/index.php\/wp-json\/wp\/v2\/pages"}],"about":[{"href":"https:\/\/reumal.ba\/index.php\/wp-json\/wp\/v2\/types\/page"}],"author":[{"embeddable":true,"href":"https:\/\/reumal.ba\/index.php\/wp-json\/wp\/v2\/users\/1"}],"replies":[{"embeddable":true,"href":"https:\/\/reumal.ba\/index.php\/wp-json\/wp\/v2\/comments?post=6235"}],"version-history":[{"count":10,"href":"https:\/\/reumal.ba\/index.php\/wp-json\/wp\/v2\/pages\/6235\/revisions"}],"predecessor-version":[{"id":6557,"href":"https:\/\/reumal.ba\/index.php\/wp-json\/wp\/v2\/pages\/6235\/revisions\/6557"}],"wp:featuredmedia":[{"embeddable":true,"href":"https:\/\/reumal.ba\/index.php\/wp-json\/wp\/v2\/media\/5864"}],"wp:attachment":[{"href":"https:\/\/reumal.ba\/index.php\/wp-json\/wp\/v2\/media?parent=6235"}],"curies":[{"name":"wp","href":"https:\/\/api.w.org\/{rel}","templated":true}]}}