{"id":6146,"date":"2024-04-05T12:55:08","date_gmt":"2024-04-05T12:55:08","guid":{"rendered":"https:\/\/priceless-roentgen.94-130-237-80.plesk.page\/?page_id=6146"},"modified":"2024-05-16T09:07:41","modified_gmt":"2024-05-16T09:07:41","slug":"kako-doci-u-reumal","status":"publish","type":"page","link":"https:\/\/reumal.ba\/index.php\/kako-doci-u-reumal\/","title":{"rendered":"Kako do\u0107i u Reumal?"},"content":{"rendered":"\t\t<div data-elementor-type=\"wp-page\" data-elementor-id=\"6146\" class=\"elementor elementor-6146\">\n\t\t\t\t<div class=\"elementor-element elementor-element-6680c1fb e-flex e-con-boxed e-con e-parent\" data-id=\"6680c1fb\" data-element_type=\"container\">\n\t\t\t\t\t<div class=\"e-con-inner\">\n\t\t\t\t<div class=\"elementor-element elementor-element-754edc2 elementor-widget elementor-widget-heading\" data-id=\"754edc2\" data-element_type=\"widget\" data-widget_type=\"heading.default\">\n\t\t\t\t<div class=\"elementor-widget-container\">\n\t\t\t<style>\/*! elementor - v3.21.0 - 20-05-2024 *\/\n.elementor-heading-title{padding:0;margin:0;line-height:1}.elementor-widget-heading .elementor-heading-title[class*=elementor-size-]>a{color:inherit;font-size:inherit;line-height:inherit}.elementor-widget-heading .elementor-heading-title.elementor-size-small{font-size:15px}.elementor-widget-heading .elementor-heading-title.elementor-size-medium{font-size:19px}.elementor-widget-heading .elementor-heading-title.elementor-size-large{font-size:29px}.elementor-widget-heading .elementor-heading-title.elementor-size-xl{font-size:39px}.elementor-widget-heading .elementor-heading-title.elementor-size-xxl{font-size:59px}<\/style><h2 class=\"elementor-heading-title elementor-size-default\">Geografski polo\u017eaj<\/h2>\t\t<\/div>\n\t\t\t\t<\/div>\n\t\t\t\t<div class=\"elementor-element elementor-element-25061f2 elementor-arrows-position-inside elementor-pagination-position-outside elementor-widget elementor-widget-image-carousel\" data-id=\"25061f2\" data-element_type=\"widget\" data-settings=\"{&quot;slides_to_show&quot;:&quot;1&quot;,&quot;navigation&quot;:&quot;both&quot;,&quot;autoplay&quot;:&quot;yes&quot;,&quot;pause_on_hover&quot;:&quot;yes&quot;,&quot;pause_on_interaction&quot;:&quot;yes&quot;,&quot;autoplay_speed&quot;:5000,&quot;infinite&quot;:&quot;yes&quot;,&quot;effect&quot;:&quot;slide&quot;,&quot;speed&quot;:500}\" data-widget_type=\"image-carousel.default\">\n\t\t\t\t<div class=\"elementor-widget-container\">\n\t\t\t<style>\/*! elementor - v3.21.0 - 20-05-2024 *\/\n.elementor-widget-image-carousel .swiper,.elementor-widget-image-carousel .swiper-container{position:static}.elementor-widget-image-carousel .swiper-container .swiper-slide figure,.elementor-widget-image-carousel .swiper .swiper-slide figure{line-height:inherit}.elementor-widget-image-carousel .swiper-slide{text-align:center}.elementor-image-carousel-wrapper:not(.swiper-container-initialized):not(.swiper-initialized) .swiper-slide{max-width:calc(100% \/ var(--e-image-carousel-slides-to-show, 3))}<\/style>\t\t<div class=\"elementor-image-carousel-wrapper swiper\" dir=\"ltr\">\n\t\t\t<div class=\"elementor-image-carousel swiper-wrapper\" aria-live=\"off\">\n\t\t\t\t\t\t\t\t<div class=\"swiper-slide\" role=\"group\" aria-roledescription=\"slide\" aria-label=\"1 of 3\"><figure class=\"swiper-slide-inner\"><img decoding=\"async\" class=\"swiper-slide-image\" src=\"https:\/\/reumal.ba\/wp-content\/uploads\/2020\/07\/reumal-lower-1536x853.jpeg\" alt=\"reumal lower\" \/><\/figure><\/div><div class=\"swiper-slide\" role=\"group\" aria-roledescription=\"slide\" aria-label=\"2 of 3\"><figure class=\"swiper-slide-inner\"><img decoding=\"async\" class=\"swiper-slide-image\" src=\"https:\/\/reumal.ba\/wp-content\/uploads\/2020\/07\/d44e6d2276ed294e5276c355b3ff2f52.jpeg\" alt=\"d44e6d2276ed294e5276c355b3ff2f52\" \/><\/figure><\/div><div class=\"swiper-slide\" role=\"group\" aria-roledescription=\"slide\" aria-label=\"3 of 3\"><figure class=\"swiper-slide-inner\"><img decoding=\"async\" class=\"swiper-slide-image\" src=\"https:\/\/reumal.ba\/wp-content\/uploads\/2020\/07\/3484ee8398a02b67f05a8a96c60b7eb1.jpeg\" alt=\"3484ee8398a02b67f05a8a96c60b7eb1\" \/><\/figure><\/div>\t\t\t<\/div>\n\t\t\t\t\t\t\t\t\t\t\t\t<div class=\"elementor-swiper-button elementor-swiper-button-prev\" role=\"button\" tabindex=\"0\">\n\t\t\t\t\t\t<svg aria-hidden=\"true\" class=\"e-font-icon-svg e-eicon-chevron-left\" viewBox=\"0 0 1000 1000\" xmlns=\"http:\/\/www.w3.org\/2000\/svg\"><path d=\"M646 125C629 125 613 133 604 142L308 442C296 454 292 471 292 487 292 504 296 521 308 533L604 854C617 867 629 875 646 875 663 875 679 871 692 858 704 846 713 829 713 812 713 796 708 779 692 767L438 487 692 225C700 217 708 204 708 187 708 171 704 154 692 142 675 129 663 125 646 125Z\"><\/path><\/svg>\t\t\t\t\t<\/div>\n\t\t\t\t\t<div class=\"elementor-swiper-button elementor-swiper-button-next\" role=\"button\" tabindex=\"0\">\n\t\t\t\t\t\t<svg aria-hidden=\"true\" class=\"e-font-icon-svg e-eicon-chevron-right\" viewBox=\"0 0 1000 1000\" xmlns=\"http:\/\/www.w3.org\/2000\/svg\"><path d=\"M696 533C708 521 713 504 713 487 713 471 708 454 696 446L400 146C388 133 375 125 354 125 338 125 325 129 313 142 300 154 292 171 292 187 292 204 296 221 308 233L563 492 304 771C292 783 288 800 288 817 288 833 296 850 308 863 321 871 338 875 354 875 371 875 388 867 400 854L696 533Z\"><\/path><\/svg>\t\t\t\t\t<\/div>\n\t\t\t\t\n\t\t\t\t\t\t\t\t\t<div class=\"swiper-pagination\"><\/div>\n\t\t\t\t\t\t\t\t\t<\/div>\n\t\t\t\t<\/div>\n\t\t\t\t<\/div>\n\t\t\t\t<div class=\"elementor-element elementor-element-e509cd elementor-widget elementor-widget-text-editor\" data-id=\"e509cd\" data-element_type=\"widget\" data-widget_type=\"text-editor.default\">\n\t\t\t\t<div class=\"elementor-widget-container\">\n\t\t\t<style>\/*! elementor - v3.21.0 - 20-05-2024 *\/\n.elementor-widget-text-editor.elementor-drop-cap-view-stacked .elementor-drop-cap{background-color:#69727d;color:#fff}.elementor-widget-text-editor.elementor-drop-cap-view-framed .elementor-drop-cap{color:#69727d;border:3px solid;background-color:transparent}.elementor-widget-text-editor:not(.elementor-drop-cap-view-default) .elementor-drop-cap{margin-top:8px}.elementor-widget-text-editor:not(.elementor-drop-cap-view-default) .elementor-drop-cap-letter{width:1em;height:1em}.elementor-widget-text-editor .elementor-drop-cap{float:left;text-align:center;line-height:1;font-size:50px}.elementor-widget-text-editor .elementor-drop-cap-letter{display:inline-block}<\/style>\t\t\t\t<!-- wp:paragraph -->\n<p>Fojnica, \u017eivopisni bosanski gradi\u0107, prostire se pedesetak kilometara zapadno od Sarajeva, u rijetko lijepoj dolini na 587 metara nadmorske visine, na istoimenoj i ribom bogatoj rijeci. Sa jedne strane smje\u0161ten u njedrima planinskog masiva Vranica, a sa druge strane ukru\u017een Matorcem, Zahorom, Pogorelicom, Bitovnjom i Jasikovicom. Podru\u010dje op\u0107ine Fojnica rasprostire se na 308 km2 povr\u0161ine i nalazi se u centralnom dijelu Bosne i Hercegovine. Stanovni\u0161tvo se smjestilo u 54 naseljena mjesta, du\u017e rije\u010dnih tokova Jezernice, Kozice, Draga\u010de, \u010cemernice, Gvo\u017e\u0111anke i Fojni\u010dke rijeke. Administrativno Fojnica pripada Srednjobosanskom kantonu\/Kantonu Sredi\u0161nja Bosna, sa sjedi\u0161tem u Travniku. Op\u0107ina Fojnica grani\u010di sa op\u0107inama Gornji Vakuf \u2013 Uskoplje, Novi Travnik, Vitez, Busova\u010da, Kiseljak, Kre\u0161evo i Konjic.<\/p>\n<!-- \/wp:paragraph -->\t\t\t\t\t\t<\/div>\n\t\t\t\t<\/div>\n\t\t\t\t<div class=\"elementor-element elementor-element-5bf7a79 elementor-widget elementor-widget-heading\" data-id=\"5bf7a79\" data-element_type=\"widget\" data-widget_type=\"heading.default\">\n\t\t\t\t<div class=\"elementor-widget-container\">\n\t\t\t<h2 class=\"elementor-heading-title elementor-size-default\">Kako do\u0107i u Fojnicu<\/h2>\t\t<\/div>\n\t\t\t\t<\/div>\n\t\t\t\t<div class=\"elementor-element elementor-element-5794aed elementor-widget elementor-widget-text-editor\" data-id=\"5794aed\" data-element_type=\"widget\" data-widget_type=\"text-editor.default\">\n\t\t\t\t<div class=\"elementor-widget-container\">\n\t\t\t\t\t\t\t<p>Kre\u010du\u0107i se putem Busova\u010da \u2013 Kiseljak, u mjestu Gromiljak nai\u0107i \u0107ete na putokaz koji vas upu\u0107uje ka Fojnici, udaljenoj 14 kilometara od te raskrsnice puteva. Fojnica se nalazi na kraju tog puta, iz nje se ne mo\u017ee nastaviti putovanje, morate se vratiti istim putem kojim ste do\u0161li. U Fojnicu mo\u017eete do\u0107i iz nekoliko pravaca: od Travnika (65 km) putem Travnik \u2013 Kaonik \u2013 Busova\u010da \u2013 Gromiljak \u2013 Fojnica; od Zenice (70 km) putem Zenica \u2013 La\u0161va \u2013 Kaonik \u2013 Busova\u010da \u2013 Gromiljak \u2013 Fojnica; iz Sarajeva (55 km) putem Sarajevo \u2013 Kiseljak \u2013 Gromiljak \u2013 Fojnica; od Visokog (35 km) putem Visoko \u2013 Kiseljak \u2013 Gromiljak \u2013 Fojnica. Najbli\u017ei aerodrom je Sarajevski aerodrom, a najbli\u017ea \u017eeljezni\u010dka stanica u Visokom.<\/p>\n<p>O polo\u017eaju Fojnice na kraju svih puteva govori odlomak iz jednog putopisa rahmetli Alije Isakovi\u0107a, u kojem se ka\u017ee:<\/p>\n<blockquote>Usmjeren sam ka Fojnici koja je i Chvojnica i Choynica i \u2026 Usmjeren sam i ne mogu pogrije\u0161titi. Samo je jedan put, kao u sredi\u0161te Zemlje, a tako je sa svim starim bosanskim gradovima, svuda je put \u2013 trag rudarske \u017eile, svuda zavr\u0161ava gdje po\u010dinje potkop i rumenkasta rudni\u010dka voda \u0161to boji kamenje krvlju grozdene Zemljine utrobe, iz ovog grada ne mo\u017ee se produ\u017eiti, ne mo\u017ee se oti\u0107i dalje \u2013 mo\u017ee se samo ostati. Mo\u017ee se samo \u201cunatrage\u201d, na vlastite stope, a to jednako te\u0161ko pada i \u010dovjeku koji do\u0111e i zvijeri koja je ve\u0107 tu. Ali se mo\u017ee ostati i mo\u017ee re\u017eati, ako treba. Mo\u017ee se ostati i mo\u017ee pjevati da se brda prolamaju i da jedro nebo cikne i ustukne.<\/blockquote>\t\t\t\t\t\t<\/div>\n\t\t\t\t<\/div>\n\t\t\t\t<div class=\"elementor-element elementor-element-16132e0 elementor-widget elementor-widget-heading\" data-id=\"16132e0\" data-element_type=\"widget\" data-widget_type=\"heading.default\">\n\t\t\t\t<div class=\"elementor-widget-container\">\n\t\t\t<h2 class=\"elementor-heading-title elementor-size-default\">Autobuske linije<\/h2>\t\t<\/div>\n\t\t\t\t<\/div>\n\t\t\t\t<div class=\"elementor-element elementor-element-51ff6e8 elementor-widget elementor-widget-text-editor\" data-id=\"51ff6e8\" data-element_type=\"widget\" data-widget_type=\"text-editor.default\">\n\t\t\t\t<div class=\"elementor-widget-container\">\n\t\t\t\t\t\t\t<p class=\"s5_sn_1_text\">Izvor i ta\u010dnost podataka: Centrotrans Sarajevo<br \/>Zadnji put osvje\u017eeno 11.07.2013. u 10:03 sati<\/p>\n<p><span class=\"s5_sn_1_text\">Kontakt (Autobuska stanica Sarajevo):<\/span><br \/><span class=\"s5_sn_1_text\">\u203a Adresa: Put \u017eivota 8; Sarajevo 71000<\/span><br \/><span class=\"s5_sn_1_text\">\u203a Rukovodilac autobuske stanice: + 387 33\u00a066 61 34<\/span><br \/><span class=\"s5_sn_1_text\">\u203a Telefoni: (+ 387 33) 21 31 00; 21 30 10 (informacije)<\/span><br \/><span class=\"s5_sn_1_text\">\u203a Telefax: + 387 33\u00a021 50 86<\/span><br \/><span class=\"s5_sn_1_text\">\u203a Web:\u00a0<a href=\"http:\/\/www.centrotrans.com\/\" target=\"_blank\" rel=\"noopener\">www.centrotrans.com<\/a><\/span><\/p>\n<p><strong>Fojnica &#8211; Sarajevo<\/strong><\/p>\n<p><a href=\"http:\/\/www.centrotrans.com\/uimages\/Sarajevo-Fojnica.pdf\" target=\"_blank\" rel=\"noopener\">Download: Red vo\u017enje (PDF)<\/a><\/p>\n<p>[Jedan smjer: 8,00 KM]<br \/>[Povratna: 12,00 KM]<\/p>\n<p>\u203a Polazak svaki dan u\u00a007:30\/09.30\/11:30\/13:30\/15:30\/17:30\/19:30<br \/>\u203a Dolazak: 09:05\/11:05\/13:05\/15:05\/17:05\/19:05\/21:05<\/p>\n<p class=\"s5_sn_1_text\">Preko:\u00a0Pofali\u0107i, D. Malta, \u010c. Vila II, Gras, Ned\u017eari\u0107i, Ilid\u017ea, Bla\u017euj, Rakovica, Kobilja\u010da, Zelena Meraja, \u0110uki\u0107a Brdo, Han Plo\u010da, Dra\u017eevi\u0107i, Brnjaci, Duhri, Potkraj, Pale\u0161ka \u0106., Kiseljak, Vi\u0161njica P., Gromiljak, Gromiljak R., Lug, Dubrave, Plo\u010dari, Podglavak, Cvjetkovi\u0107i, \u0160\u0107itovo, Nadbare, Ormanov P., Ostru\u017enica, Podcitonja, Alupovka<\/p>\n<p><strong>Fojnica &#8211; Sarajevo<\/strong><br \/>[Jedan smjer: 8,00 KM]<br \/>[Povratna: 12,00 KM]<\/p>\n<p>\u203a Polazak svaki dan osim nedjeljom i praznikom u 05:30<br \/>\u203a Dolazak u 07:05<\/p>\n<p class=\"s5_sn_1_text\">Preko: Ilid\u017ea, Bla\u017euj, Bla\u017euj R., Rakovica, Kobilja\u010da, Han Plo\u010da, Brnjaci, Kiseljak, Gromiljak R., Alupovka<\/p>\n<p><strong>Fojnica &#8211; Visoko<\/strong><\/p>\n<p><a href=\"http:\/\/www.centrotrans.com\/uimages\/Visoko-Fojnica.pdf\" target=\"_blank\" rel=\"noopener\">Download: Red vo\u017enje (PDF)<\/a><\/p>\n<p><strong>Fojnica &#8211; Zenica<\/strong><\/p>\n<p><a href=\"http:\/\/www.centrotrans.com\/uimages\/Fojnica-Kiseljak-Busovaca-Zenica.pdf\" target=\"_blank\" rel=\"noopener\">Download: Red vo\u017enje (PDF)<\/a><\/p>\t\t\t\t\t\t<\/div>\n\t\t\t\t<\/div>\n\t\t\t\t\t<\/div>\n\t\t\t\t<\/div>\n\t\t<div class=\"elementor-element elementor-element-044664b e-flex e-con-boxed e-con e-parent\" data-id=\"044664b\" data-element_type=\"container\">\n\t\t\t\t\t<div class=\"e-con-inner\">\n\t\t\t\t<div class=\"elementor-element elementor-element-d1581fc elementor-widget elementor-widget-spacer\" data-id=\"d1581fc\" data-element_type=\"widget\" data-widget_type=\"spacer.default\">\n\t\t\t\t<div class=\"elementor-widget-container\">\n\t\t\t<style>\/*! elementor - v3.21.0 - 20-05-2024 *\/\n.elementor-column .elementor-spacer-inner{height:var(--spacer-size)}.e-con{--container-widget-width:100%}.e-con-inner>.elementor-widget-spacer,.e-con>.elementor-widget-spacer{width:var(--container-widget-width,var(--spacer-size));--align-self:var(--container-widget-align-self,initial);--flex-shrink:0}.e-con-inner>.elementor-widget-spacer>.elementor-widget-container,.e-con>.elementor-widget-spacer>.elementor-widget-container{height:100%;width:100%}.e-con-inner>.elementor-widget-spacer>.elementor-widget-container>.elementor-spacer,.e-con>.elementor-widget-spacer>.elementor-widget-container>.elementor-spacer{height:100%}.e-con-inner>.elementor-widget-spacer>.elementor-widget-container>.elementor-spacer>.elementor-spacer-inner,.e-con>.elementor-widget-spacer>.elementor-widget-container>.elementor-spacer>.elementor-spacer-inner{height:var(--container-widget-height,var(--spacer-size))}.e-con-inner>.elementor-widget-spacer.elementor-widget-empty,.e-con>.elementor-widget-spacer.elementor-widget-empty{position:relative;min-height:22px;min-width:22px}.e-con-inner>.elementor-widget-spacer.elementor-widget-empty .elementor-widget-empty-icon,.e-con>.elementor-widget-spacer.elementor-widget-empty .elementor-widget-empty-icon{position:absolute;top:0;bottom:0;left:0;right:0;margin:auto;padding:0;width:22px;height:22px}<\/style>\t\t<div class=\"elementor-spacer\">\n\t\t\t<div class=\"elementor-spacer-inner\"><\/div>\n\t\t<\/div>\n\t\t\t\t<\/div>\n\t\t\t\t<\/div>\n\t\t\t\t\t<\/div>\n\t\t\t\t<\/div>\n\t\t\t\t<\/div>\n\t\t","protected":false},"excerpt":{"rendered":"<p>Geografski polo\u017eaj Fojnica, \u017eivopisni bosanski gradi\u0107, prostire se pedesetak kilometara zapadno od Sarajeva, u rijetko lijepoj dolini na 587 metara nadmorske visine, na istoimenoj i ribom bogatoj rijeci. Sa jedne strane smje\u0161ten u njedrima planinskog masiva Vranica, a sa druge strane ukru\u017een Matorcem, Zahorom, Pogorelicom, Bitovnjom i Jasikovicom. Podru\u010dje op\u0107ine Fojnica rasprostire se na 308 [&hellip;]<\/p>\n","protected":false},"author":1,"featured_media":5864,"parent":0,"menu_order":0,"comment_status":"closed","ping_status":"closed","template":"","meta":{"give_campaign_id":0,"footnotes":""},"class_list":["post-6146","page","type-page","status-publish","has-post-thumbnail","hentry"],"campaignId":"","_links":{"self":[{"href":"https:\/\/reumal.ba\/index.php\/wp-json\/wp\/v2\/pages\/6146","targetHints":{"allow":["GET"]}}],"collection":[{"href":"https:\/\/reumal.ba\/index.php\/wp-json\/wp\/v2\/pages"}],"about":[{"href":"https:\/\/reumal.ba\/index.php\/wp-json\/wp\/v2\/types\/page"}],"author":[{"embeddable":true,"href":"https:\/\/reumal.ba\/index.php\/wp-json\/wp\/v2\/users\/1"}],"replies":[{"embeddable":true,"href":"https:\/\/reumal.ba\/index.php\/wp-json\/wp\/v2\/comments?post=6146"}],"version-history":[{"count":10,"href":"https:\/\/reumal.ba\/index.php\/wp-json\/wp\/v2\/pages\/6146\/revisions"}],"predecessor-version":[{"id":6545,"href":"https:\/\/reumal.ba\/index.php\/wp-json\/wp\/v2\/pages\/6146\/revisions\/6545"}],"wp:featuredmedia":[{"embeddable":true,"href":"https:\/\/reumal.ba\/index.php\/wp-json\/wp\/v2\/media\/5864"}],"wp:attachment":[{"href":"https:\/\/reumal.ba\/index.php\/wp-json\/wp\/v2\/media?parent=6146"}],"curies":[{"name":"wp","href":"https:\/\/api.w.org\/{rel}","templated":true}]}}