{"id":6110,"date":"2024-03-13T14:47:27","date_gmt":"2024-03-13T14:47:27","guid":{"rendered":"https:\/\/priceless-roentgen.94-130-237-80.plesk.page\/?page_id=6110"},"modified":"2024-05-21T06:13:31","modified_gmt":"2024-05-21T06:13:31","slug":"edukativni-i-razvojni-centar","status":"publish","type":"page","link":"https:\/\/reumal.ba\/index.php\/edukativni-i-razvojni-centar\/","title":{"rendered":"Edukativni i razvojni centar"},"content":{"rendered":"\t\t<div data-elementor-type=\"wp-page\" data-elementor-id=\"6110\" class=\"elementor elementor-6110\">\n\t\t\t\t<div class=\"elementor-element elementor-element-6680c1fb e-flex e-con-boxed e-con e-parent\" data-id=\"6680c1fb\" data-element_type=\"container\">\n\t\t\t\t\t<div class=\"e-con-inner\">\n\t\t\t\t<div class=\"elementor-element elementor-element-b6efcf6 elementor-arrows-position-inside elementor-pagination-position-outside elementor-widget elementor-widget-image-carousel\" data-id=\"b6efcf6\" data-element_type=\"widget\" data-settings=\"{&quot;slides_to_show&quot;:&quot;1&quot;,&quot;navigation&quot;:&quot;both&quot;,&quot;autoplay&quot;:&quot;yes&quot;,&quot;pause_on_hover&quot;:&quot;yes&quot;,&quot;pause_on_interaction&quot;:&quot;yes&quot;,&quot;autoplay_speed&quot;:5000,&quot;infinite&quot;:&quot;yes&quot;,&quot;effect&quot;:&quot;slide&quot;,&quot;speed&quot;:500}\" data-widget_type=\"image-carousel.default\">\n\t\t\t\t<div class=\"elementor-widget-container\">\n\t\t\t<style>\/*! elementor - v3.21.0 - 20-05-2024 *\/\n.elementor-widget-image-carousel .swiper,.elementor-widget-image-carousel .swiper-container{position:static}.elementor-widget-image-carousel .swiper-container .swiper-slide figure,.elementor-widget-image-carousel .swiper .swiper-slide figure{line-height:inherit}.elementor-widget-image-carousel .swiper-slide{text-align:center}.elementor-image-carousel-wrapper:not(.swiper-container-initialized):not(.swiper-initialized) .swiper-slide{max-width:calc(100% \/ var(--e-image-carousel-slides-to-show, 3))}<\/style>\t\t<div class=\"elementor-image-carousel-wrapper swiper\" dir=\"ltr\">\n\t\t\t<div class=\"elementor-image-carousel swiper-wrapper\" aria-live=\"off\">\n\t\t\t\t\t\t\t\t<div class=\"swiper-slide\" role=\"group\" aria-roledescription=\"slide\" aria-label=\"1 of 3\"><figure class=\"swiper-slide-inner\"><img decoding=\"async\" class=\"swiper-slide-image\" src=\"https:\/\/reumal.ba\/wp-content\/uploads\/2020\/07\/Z88_8321-3-1536x1024.jpg\" alt=\"Z88_8321 (3)\" \/><\/figure><\/div><div class=\"swiper-slide\" role=\"group\" aria-roledescription=\"slide\" aria-label=\"2 of 3\"><figure class=\"swiper-slide-inner\"><img decoding=\"async\" class=\"swiper-slide-image\" src=\"https:\/\/reumal.ba\/wp-content\/uploads\/2020\/07\/Z88_8361-2-1536x1024.jpg\" alt=\"Z88_8361 (2)\" \/><\/figure><\/div><div class=\"swiper-slide\" role=\"group\" aria-roledescription=\"slide\" aria-label=\"3 of 3\"><figure class=\"swiper-slide-inner\"><img decoding=\"async\" class=\"swiper-slide-image\" src=\"https:\/\/reumal.ba\/wp-content\/uploads\/2020\/07\/Z88_8258-3-1536x1024.jpg\" alt=\"Z88_8258 (3)\" \/><\/figure><\/div>\t\t\t<\/div>\n\t\t\t\t\t\t\t\t\t\t\t\t<div class=\"elementor-swiper-button elementor-swiper-button-prev\" role=\"button\" tabindex=\"0\">\n\t\t\t\t\t\t<svg aria-hidden=\"true\" class=\"e-font-icon-svg e-eicon-chevron-left\" viewBox=\"0 0 1000 1000\" xmlns=\"http:\/\/www.w3.org\/2000\/svg\"><path d=\"M646 125C629 125 613 133 604 142L308 442C296 454 292 471 292 487 292 504 296 521 308 533L604 854C617 867 629 875 646 875 663 875 679 871 692 858 704 846 713 829 713 812 713 796 708 779 692 767L438 487 692 225C700 217 708 204 708 187 708 171 704 154 692 142 675 129 663 125 646 125Z\"><\/path><\/svg>\t\t\t\t\t<\/div>\n\t\t\t\t\t<div class=\"elementor-swiper-button elementor-swiper-button-next\" role=\"button\" tabindex=\"0\">\n\t\t\t\t\t\t<svg aria-hidden=\"true\" class=\"e-font-icon-svg e-eicon-chevron-right\" viewBox=\"0 0 1000 1000\" xmlns=\"http:\/\/www.w3.org\/2000\/svg\"><path d=\"M696 533C708 521 713 504 713 487 713 471 708 454 696 446L400 146C388 133 375 125 354 125 338 125 325 129 313 142 300 154 292 171 292 187 292 204 296 221 308 233L563 492 304 771C292 783 288 800 288 817 288 833 296 850 308 863 321 871 338 875 354 875 371 875 388 867 400 854L696 533Z\"><\/path><\/svg>\t\t\t\t\t<\/div>\n\t\t\t\t\n\t\t\t\t\t\t\t\t\t<div class=\"swiper-pagination\"><\/div>\n\t\t\t\t\t\t\t\t\t<\/div>\n\t\t\t\t<\/div>\n\t\t\t\t<\/div>\n\t\t\t\t<div class=\"elementor-element elementor-element-e509cd elementor-widget elementor-widget-text-editor\" data-id=\"e509cd\" data-element_type=\"widget\" data-widget_type=\"text-editor.default\">\n\t\t\t\t<div class=\"elementor-widget-container\">\n\t\t\t<style>\/*! elementor - v3.21.0 - 20-05-2024 *\/\n.elementor-widget-text-editor.elementor-drop-cap-view-stacked .elementor-drop-cap{background-color:#69727d;color:#fff}.elementor-widget-text-editor.elementor-drop-cap-view-framed .elementor-drop-cap{color:#69727d;border:3px solid;background-color:transparent}.elementor-widget-text-editor:not(.elementor-drop-cap-view-default) .elementor-drop-cap{margin-top:8px}.elementor-widget-text-editor:not(.elementor-drop-cap-view-default) .elementor-drop-cap-letter{width:1em;height:1em}.elementor-widget-text-editor .elementor-drop-cap{float:left;text-align:center;line-height:1;font-size:50px}.elementor-widget-text-editor .elementor-drop-cap-letter{display:inline-block}<\/style>\t\t\t\t<!-- wp:paragraph -->\n<p>Aktivnosti edukativnog i razvojnog centra usmjerene su ka kontinuiranoj edukaciji medicinskog osoblja, pokretanju, koordiniranju i provo\u0111enju nau\u010dnih istra\u017eivanja i projekata iz oblasti fizikalne medicine i rehabilitacije sa akcentom na prou\u010davanje prirodnog ljekovitog \u010dinioca (mineralna radonska voda), uvo\u0111enju u rehabilitacionu praksu standardizovanih testova za funkcionalnu procjenu, dijagnosti\u010dkih i terapijskih protokola.<\/p>\n<p>Unutar Edukativnog kluba za pacijente putem predavanja pacijent se upoznaje sa simptomima i znacima bolesti, rizikofaktorima, mogu\u0107im komplikacijama i funkcionalnim ograni\u010denjima, mjerama prevencije i lije\u010denja \/ rehabilitacije. Pacijentima se pru\u017ea maksimalna stru\u010dna podr\u0161ka u identifikaciji i modifikaciji rizikofaktora u cilju prevencije bolesti, prevencije njenog pogor\u0161anja, napredovanja i nastanka komplikacija.<\/p>\n<p>Na osnovu Rje\u0161enja Federalnog ministarstva zdravstva od 31.10.2016. godine utvr\u0111ena je Lista glavnih mentora i komentora za specijalizacije u Lje\u010dili\u0161tu &#8220;Reumal&#8221; Fojnica. Ovim Rje\u0161enjem za glavne mentore za specijalizacije u oblasti fizikalne medicine i rehabilitacije imenovani su:<\/p>\n<p>&#8211; Dr. sci. Amila Kapetanovi\u0107<\/p>\n<p>&#8211; Mr. sci. Samiha Hod\u017ei\u0107<\/p>\n<p>Za komentore za specijalizacije u oblasti\u00a0fizikalne medicine i rehabilitacije imenovani su:<\/p>\n<p>&#8211; Prim. dr. Damir Jaganjac<\/p>\n<p>&#8211; Prim. dr. Ata Teskered\u017ei\u0107<\/p>\n<p>&#8211; Prim. dr. Sakib Serhatlija<\/p>\n<p>&#8211; Samira Selimovi\u0107, dr. med.<\/p>\n<p><a href=\"\/wp-content\/uploads\/2020\/07\/Rjesenje_ministarstvo.pdf\">\u2b07\ufe0f Rje\u0161enje &#8211; Federalno ministarstvo zdravstva<\/a><\/p>\n<!-- \/wp:paragraph -->\t\t\t\t\t\t<\/div>\n\t\t\t\t<\/div>\n\t\t\t\t<div class=\"elementor-element elementor-element-754edc2 elementor-widget elementor-widget-heading\" data-id=\"754edc2\" data-element_type=\"widget\" data-widget_type=\"heading.default\">\n\t\t\t\t<div class=\"elementor-widget-container\">\n\t\t\t<style>\/*! elementor - v3.21.0 - 20-05-2024 *\/\n.elementor-heading-title{padding:0;margin:0;line-height:1}.elementor-widget-heading .elementor-heading-title[class*=elementor-size-]>a{color:inherit;font-size:inherit;line-height:inherit}.elementor-widget-heading .elementor-heading-title.elementor-size-small{font-size:15px}.elementor-widget-heading .elementor-heading-title.elementor-size-medium{font-size:19px}.elementor-widget-heading .elementor-heading-title.elementor-size-large{font-size:29px}.elementor-widget-heading .elementor-heading-title.elementor-size-xl{font-size:39px}.elementor-widget-heading .elementor-heading-title.elementor-size-xxl{font-size:59px}<\/style><h2 class=\"elementor-heading-title elementor-size-default\">Nau\u010dno-istra\u017eiva\u010dki radovi<\/h2>\t\t<\/div>\n\t\t\t\t<\/div>\n\t\t\t\t<div class=\"elementor-element elementor-element-5794aed elementor-widget elementor-widget-text-editor\" data-id=\"5794aed\" data-element_type=\"widget\" data-widget_type=\"text-editor.default\">\n\t\t\t\t<div class=\"elementor-widget-container\">\n\t\t\t\t\t\t\t<p><a href=\"\/wp-content\/uploads\/2020\/07\/Uticaj-menstrualnih-faktora-na-gubitak-kostane-mase-kod-bosanskih-zena-u-postmenopauzi.pdf\" data-wp-editing=\"1\"><img decoding=\"async\" class=\"emoji\" role=\"img\" draggable=\"false\" src=\"https:\/\/s.w.org\/images\/core\/emoji\/15.0.3\/svg\/2b07.svg\" alt=\"\u2b07\ufe0f\" \/> Uticaj menstrualnih faktora na gubitak kos\u030ctane mase kod bosanskih z\u030cena u postmenopauzi<\/a><\/p>\n<p><a href=\"\/wp-content\/uploads\/2020\/07\/The-effect-of-mineral-radon-water-applied-in-the-form-of-full-baths-on-blood-pressure-in-patients-with-hypertension.pdf\"><img decoding=\"async\" class=\"emoji\" role=\"img\" draggable=\"false\" src=\"https:\/\/s.w.org\/images\/core\/emoji\/15.0.3\/svg\/2b07.svg\" alt=\"\u2b07\ufe0f\" \/> The effect of mineral radon water applied in the form of full baths on blood pressure in patients with hypertension<\/a><\/p>\n<p><a href=\"\/wp-content\/uploads\/2020\/07\/Karakteristike-osteoporoze-kod-bosanskih-zena-u-postmenopauzi.pdf\"><img decoding=\"async\" class=\"emoji\" role=\"img\" draggable=\"false\" src=\"https:\/\/s.w.org\/images\/core\/emoji\/15.0.3\/svg\/2b07.svg\" alt=\"\u2b07\ufe0f\" \/> Karakteristike osteoporoze kod bosanskih \u017eena u postmenopauzi<\/a><\/p>\n<p><a href=\"\/wp-content\/uploads\/2020\/07\/Influence-of-dietary-calcium-intake-on-bone-mineral-density-in-postmenopausal-women-with-estrogen-deficiency-in-menstrual-history.pdf\">\u2b07\ufe0f Influence of dietary calcium intake on bone mineral density in postmenopausal women with estrogen deficiency in menstrual history<\/a><\/p>\n<p><a href=\"\/wp-content\/uploads\/2020\/07\/Predictors-of-osteoporosis-in-bosnian-postmenopausal-women.pdf\">\u2b07\ufe0f Predictors of osteoporosis in bosnian postmenopausal women<\/a><\/p>\n<p><a href=\"\/wp-content\/uploads\/2020\/07\/Elektromioneurografske-karakteristike-lumbosakralnih-radikulopatija.pdf\">\u2b07\ufe0f Elektromioneurografske karakteristike lumbosakralnih radikulopatija<\/a><\/p>\n<p><a href=\"\/wp-content\/uploads\/2020\/07\/Efficiency-of-spa-physical-therapy-in-the-treatment-of-lumbosacral-radiculopathy.pdf\">\u2b07\ufe0f Efficiency of spa-physical therapy in the treatment of lumbosacral radiculopathy<\/a><\/p>\n<p><a href=\"\/wp-content\/uploads\/2020\/07\/Uloga-fizioterapeuta-u-rehabilitaciji-pacijenata-nakon-mozdanog-udara.pdf\">\u2b07\ufe0f Uloga fizioterapeuta u rehabilitaciji pacijenata nakon mo\u017edanog udara<\/a><\/p>\t\t\t\t\t\t<\/div>\n\t\t\t\t<\/div>\n\t\t\t\t<div class=\"elementor-element elementor-element-5bf7a79 elementor-widget elementor-widget-heading\" data-id=\"5bf7a79\" data-element_type=\"widget\" data-widget_type=\"heading.default\">\n\t\t\t\t<div class=\"elementor-widget-container\">\n\t\t\t<h2 class=\"elementor-heading-title elementor-size-default\">Edukativni klub za pacijente<\/h2>\t\t<\/div>\n\t\t\t\t<\/div>\n\t\t\t\t<div class=\"elementor-element elementor-element-16132e0 elementor-widget elementor-widget-heading\" data-id=\"16132e0\" data-element_type=\"widget\" data-widget_type=\"heading.default\">\n\t\t\t\t<div class=\"elementor-widget-container\">\n\t\t\t<h4 class=\"elementor-heading-title elementor-size-default\">Teme edukativnih predavanja za pacijente<\/h4>\t\t<\/div>\n\t\t\t\t<\/div>\n\t\t\t\t<div class=\"elementor-element elementor-element-51ff6e8 elementor-widget elementor-widget-text-editor\" data-id=\"51ff6e8\" data-element_type=\"widget\" data-widget_type=\"text-editor.default\">\n\t\t\t\t<div class=\"elementor-widget-container\">\n\t\t\t\t\t\t\t<ol>\n<li>Osteoporoza \u2013 tiha epidemija \u00a0<\/li>\n<li>Degenerativna oboljenja zglobova\u00a0<\/li>\n<li>Lumbalni bolni sindrom\u00a0<\/li>\n<li>Balneoterapija<\/li>\n<li>Mo\u017edani udar \u2013 prevencija i lije\u010denje\u00a0<\/li>\n<li>Hipertenzija \u2013 prevencija i lije\u010denje\u00a0<\/li>\n<li>Tjelesna aktivnost i osteoporoza\u00a0<\/li>\n<li>Tjelesna aktivnost i zdravlje\u00a0<\/li>\n<li>Cervikalni bolni sindrom\u00a0<\/li>\n<li>Bolno rame<\/li>\n<\/ol>\t\t\t\t\t\t<\/div>\n\t\t\t\t<\/div>\n\t\t\t\t\t<\/div>\n\t\t\t\t<\/div>\n\t\t<div class=\"elementor-element elementor-element-044664b e-flex e-con-boxed e-con e-parent\" data-id=\"044664b\" data-element_type=\"container\">\n\t\t\t\t\t<div class=\"e-con-inner\">\n\t\t\t\t<div class=\"elementor-element elementor-element-d1581fc elementor-widget elementor-widget-spacer\" data-id=\"d1581fc\" data-element_type=\"widget\" data-widget_type=\"spacer.default\">\n\t\t\t\t<div class=\"elementor-widget-container\">\n\t\t\t<style>\/*! elementor - v3.21.0 - 20-05-2024 *\/\n.elementor-column .elementor-spacer-inner{height:var(--spacer-size)}.e-con{--container-widget-width:100%}.e-con-inner>.elementor-widget-spacer,.e-con>.elementor-widget-spacer{width:var(--container-widget-width,var(--spacer-size));--align-self:var(--container-widget-align-self,initial);--flex-shrink:0}.e-con-inner>.elementor-widget-spacer>.elementor-widget-container,.e-con>.elementor-widget-spacer>.elementor-widget-container{height:100%;width:100%}.e-con-inner>.elementor-widget-spacer>.elementor-widget-container>.elementor-spacer,.e-con>.elementor-widget-spacer>.elementor-widget-container>.elementor-spacer{height:100%}.e-con-inner>.elementor-widget-spacer>.elementor-widget-container>.elementor-spacer>.elementor-spacer-inner,.e-con>.elementor-widget-spacer>.elementor-widget-container>.elementor-spacer>.elementor-spacer-inner{height:var(--container-widget-height,var(--spacer-size))}.e-con-inner>.elementor-widget-spacer.elementor-widget-empty,.e-con>.elementor-widget-spacer.elementor-widget-empty{position:relative;min-height:22px;min-width:22px}.e-con-inner>.elementor-widget-spacer.elementor-widget-empty .elementor-widget-empty-icon,.e-con>.elementor-widget-spacer.elementor-widget-empty .elementor-widget-empty-icon{position:absolute;top:0;bottom:0;left:0;right:0;margin:auto;padding:0;width:22px;height:22px}<\/style>\t\t<div class=\"elementor-spacer\">\n\t\t\t<div class=\"elementor-spacer-inner\"><\/div>\n\t\t<\/div>\n\t\t\t\t<\/div>\n\t\t\t\t<\/div>\n\t\t\t\t\t<\/div>\n\t\t\t\t<\/div>\n\t\t\t\t<\/div>\n\t\t","protected":false},"excerpt":{"rendered":"<p>Aktivnosti edukativnog i razvojnog centra usmjerene su ka kontinuiranoj edukaciji medicinskog osoblja, pokretanju, koordiniranju i provo\u0111enju nau\u010dnih istra\u017eivanja i projekata iz oblasti fizikalne medicine i rehabilitacije sa akcentom na prou\u010davanje prirodnog ljekovitog \u010dinioca (mineralna radonska voda), uvo\u0111enju u rehabilitacionu praksu standardizovanih testova za funkcionalnu procjenu, dijagnosti\u010dkih i terapijskih protokola. Unutar Edukativnog kluba za pacijente putem [&hellip;]<\/p>\n","protected":false},"author":1,"featured_media":5864,"parent":0,"menu_order":0,"comment_status":"closed","ping_status":"closed","template":"","meta":{"give_campaign_id":0,"footnotes":""},"class_list":["post-6110","page","type-page","status-publish","has-post-thumbnail","hentry"],"campaignId":"","_links":{"self":[{"href":"https:\/\/reumal.ba\/index.php\/wp-json\/wp\/v2\/pages\/6110","targetHints":{"allow":["GET"]}}],"collection":[{"href":"https:\/\/reumal.ba\/index.php\/wp-json\/wp\/v2\/pages"}],"about":[{"href":"https:\/\/reumal.ba\/index.php\/wp-json\/wp\/v2\/types\/page"}],"author":[{"embeddable":true,"href":"https:\/\/reumal.ba\/index.php\/wp-json\/wp\/v2\/users\/1"}],"replies":[{"embeddable":true,"href":"https:\/\/reumal.ba\/index.php\/wp-json\/wp\/v2\/comments?post=6110"}],"version-history":[{"count":25,"href":"https:\/\/reumal.ba\/index.php\/wp-json\/wp\/v2\/pages\/6110\/revisions"}],"predecessor-version":[{"id":6644,"href":"https:\/\/reumal.ba\/index.php\/wp-json\/wp\/v2\/pages\/6110\/revisions\/6644"}],"wp:featuredmedia":[{"embeddable":true,"href":"https:\/\/reumal.ba\/index.php\/wp-json\/wp\/v2\/media\/5864"}],"wp:attachment":[{"href":"https:\/\/reumal.ba\/index.php\/wp-json\/wp\/v2\/media?parent=6110"}],"curies":[{"name":"wp","href":"https:\/\/api.w.org\/{rel}","templated":true}]}}