{"id":6075,"date":"2024-02-23T14:13:42","date_gmt":"2024-02-23T14:13:42","guid":{"rendered":"https:\/\/priceless-roentgen.94-130-237-80.plesk.page\/?page_id=6075"},"modified":"2024-03-13T14:12:40","modified_gmt":"2024-03-13T14:12:40","slug":"rezervacija","status":"publish","type":"page","link":"https:\/\/reumal.ba\/index.php\/rezervacija\/","title":{"rendered":"Rezervacija"},"content":{"rendered":"\t\t<div data-elementor-type=\"wp-page\" data-elementor-id=\"6075\" class=\"elementor elementor-6075\">\n\t\t\t\t<div class=\"elementor-element elementor-element-dcb2df6 e-flex e-con-boxed e-con e-parent\" data-id=\"dcb2df6\" data-element_type=\"container\">\n\t\t\t\t\t<div class=\"e-con-inner\">\n\t\t\t\t<div class=\"elementor-element elementor-element-1e2ff99 elementor-widget elementor-widget-ova_heading\" data-id=\"1e2ff99\" data-element_type=\"widget\" data-widget_type=\"ova_heading.default\">\n\t\t\t\t<div class=\"elementor-widget-container\">\n\t\t\t\t\t<div class=\"ova-heading\">\n\t\t\t\n\t\t\t\t\t\t\t<h3 class=\"title second_font\">Zahtjev za rezervaciju<\/h3>\n\t\t\t\n\t\t\t\n\t\t<\/div>\n\t\t\t\t<\/div>\n\t\t\t\t<\/div>\n\t\t\t\t<div class=\"elementor-element elementor-element-15ec0f4 elementor-widget elementor-widget-text-editor\" data-id=\"15ec0f4\" data-element_type=\"widget\" data-widget_type=\"text-editor.default\">\n\t\t\t\t<div class=\"elementor-widget-container\">\n\t\t\t<style>\/*! elementor - v3.21.0 - 20-05-2024 *\/\n.elementor-widget-text-editor.elementor-drop-cap-view-stacked .elementor-drop-cap{background-color:#69727d;color:#fff}.elementor-widget-text-editor.elementor-drop-cap-view-framed .elementor-drop-cap{color:#69727d;border:3px solid;background-color:transparent}.elementor-widget-text-editor:not(.elementor-drop-cap-view-default) .elementor-drop-cap{margin-top:8px}.elementor-widget-text-editor:not(.elementor-drop-cap-view-default) .elementor-drop-cap-letter{width:1em;height:1em}.elementor-widget-text-editor .elementor-drop-cap{float:left;text-align:center;line-height:1;font-size:50px}.elementor-widget-text-editor .elementor-drop-cap-letter{display:inline-block}<\/style>\t\t\t\t<!-- wp:paragraph -->\nMolimo Vas da ovo smatrate zahtjevom za rezervaciju, a ne potvr\u0111enom rezervacijom.\nPotvrdit \u0107emo Vam mogu\u0107nost rezervacije za tra\u017eeni datum.\n<!-- \/wp:paragraph --><br><br>\n<!-- wp:paragraph -->\nMolimo Vas da popunite formular ta\u010dnim podacima.\n<!-- \/wp:paragraph -->\t\t\t\t\t\t<\/div>\n\t\t\t\t<\/div>\n\t\t\t\t<div class=\"elementor-element elementor-element-3e22506 elementor-widget elementor-widget-htmega-contactform-addons\" data-id=\"3e22506\" data-element_type=\"widget\" data-widget_type=\"htmega-contactform-addons.default\">\n\t\t\t\t<div class=\"elementor-widget-container\">\n\t\t\t            <div class=\"htmega-form-wrapper sid3e22506 htmega-form-style-4\" >\n                \n<div class=\"wpcf7 no-js\" id=\"wpcf7-f6061-o1\" lang=\"en-US\" dir=\"ltr\" data-wpcf7-id=\"6061\">\n<div class=\"screen-reader-response\"><p role=\"status\" aria-live=\"polite\" aria-atomic=\"true\"><\/p> <ul><\/ul><\/div>\n<form action=\"\/index.php\/wp-json\/wp\/v2\/pages\/6075#wpcf7-f6061-o1\" method=\"post\" class=\"wpcf7-form init\" aria-label=\"Contact form\" novalidate=\"novalidate\" data-status=\"init\">\n<fieldset class=\"hidden-fields-container\"><input type=\"hidden\" name=\"_wpcf7\" value=\"6061\" \/><input type=\"hidden\" name=\"_wpcf7_version\" value=\"6.1.4\" \/><input type=\"hidden\" name=\"_wpcf7_locale\" value=\"en_US\" \/><input type=\"hidden\" name=\"_wpcf7_unit_tag\" value=\"wpcf7-f6061-o1\" \/><input type=\"hidden\" name=\"_wpcf7_container_post\" value=\"0\" \/><input type=\"hidden\" name=\"_wpcf7_posted_data_hash\" value=\"\" \/>\n<\/fieldset>\n<div class=\"form-row\">\n\t<div class=\"form-group col-md-6\">\n\t\t<p><label for=\"ime\">Ime<\/label><br \/>\n<span class=\"wpcf7-form-control-wrap\" data-name=\"ime\"><input size=\"40\" maxlength=\"400\" class=\"wpcf7-form-control wpcf7-text wpcf7-validates-as-required form-control\" id=\"ime\" aria-required=\"true\" aria-invalid=\"false\" placeholder=\"Va\u0161e ime\" value=\"\" type=\"text\" name=\"ime\" \/><\/span>\n\t\t<\/p>\n\t<\/div>\n\t<div class=\"form-group col-md-6\">\n\t\t<p><label for=\"prezime\">Prezime<\/label><br \/>\n<span class=\"wpcf7-form-control-wrap\" data-name=\"prezime\"><input size=\"40\" maxlength=\"400\" class=\"wpcf7-form-control wpcf7-text wpcf7-validates-as-required form-control\" id=\"prezime\" aria-required=\"true\" aria-invalid=\"false\" placeholder=\"Va\u0161e prezime\" value=\"\" type=\"text\" name=\"prezime\" \/><\/span>\n\t\t<\/p>\n\t<\/div>\n<\/div>\n<div class=\"form-row\">\n\t<div class=\"form-group col-md-6\">\n\t\t<p><label for=\"telefon\">Telefon<\/label><br \/>\n<span class=\"wpcf7-form-control-wrap\" data-name=\"telefon\"><input size=\"40\" maxlength=\"400\" class=\"wpcf7-form-control wpcf7-tel wpcf7-validates-as-required wpcf7-text wpcf7-validates-as-tel form-control\" id=\"telefon\" aria-required=\"true\" aria-invalid=\"false\" placeholder=\"Va\u0161 telefon\" value=\"\" type=\"tel\" name=\"telefon\" \/><\/span>\n\t\t<\/p>\n\t<\/div>\n\t<div class=\"form-group col-md-6\">\n\t\t<p><label for=\"email\">Email<\/label><br \/>\n<span class=\"wpcf7-form-control-wrap\" data-name=\"email\"><input size=\"40\" maxlength=\"400\" class=\"wpcf7-form-control wpcf7-email wpcf7-validates-as-required wpcf7-text wpcf7-validates-as-email form-control\" id=\"email\" aria-required=\"true\" aria-invalid=\"false\" placeholder=\"Va\u0161 email\" value=\"\" type=\"email\" name=\"email\" \/><\/span>\n\t\t<\/p>\n\t<\/div>\n<\/div>\n<div class=\"form-row\">\n\t<div class=\"form-group col-md-6\">\n\t\t<p><label for=\"datum_dolaska\">Datum dolaska<\/label><br \/>\n<span class=\"wpcf7-form-control-wrap\" data-name=\"datum_dolaska\"><input class=\"wpcf7-form-control wpcf7-date wpcf7-validates-as-required wpcf7-validates-as-date form-control\" id=\"datum_dolaska\" aria-required=\"true\" aria-invalid=\"false\" placeholder=\"Datum dolaska\" value=\"\" type=\"date\" name=\"datum_dolaska\" \/><\/span>\n\t\t<\/p>\n\t<\/div>\n\t<div class=\"form-group col-md-6\">\n\t\t<p><label for=\"datum_odlaska\">Datum odlaska<\/label><br \/>\n<span class=\"wpcf7-form-control-wrap\" data-name=\"datum_odlaska\"><input class=\"wpcf7-form-control wpcf7-date wpcf7-validates-as-required wpcf7-validates-as-date form-control\" id=\"datum_odlaska\" aria-required=\"true\" aria-invalid=\"false\" placeholder=\"Datum odlaska\" value=\"\" type=\"date\" name=\"datum_odlaska\" \/><\/span>\n\t\t<\/p>\n\t<\/div>\n<\/div>\n<div class=\"form-row\">\n\t<div class=\"form-group col-md-6\">\n\t\t<p><label for=\"tip_sobe\">Tip sobe<\/label><br \/>\n<span class=\"wpcf7-form-control-wrap\" data-name=\"tip_sobe\"><select class=\"wpcf7-form-control wpcf7-select wpcf7-validates-as-required form-control\" id=\"tip_sobe\" aria-required=\"true\" aria-invalid=\"false\" name=\"tip_sobe\"><option value=\"\u2014Odaberi opciju\u2014\">\u2014Odaberi opciju\u2014<\/option><option value=\"Jednokrevetna\">Jednokrevetna<\/option><option value=\"Dvokrevetna\">Dvokrevetna<\/option><option value=\"Trokrevetna\">Trokrevetna<\/option><option value=\"Apartman\">Apartman<\/option><\/select><\/span>\n\t\t<\/p>\n\t<\/div>\n\t<div class=\"form-group col-md-6\">\n\t\t<p><label for=\"broj_odraslih\">Broj odraslih<\/label><br \/>\n<span class=\"wpcf7-form-control-wrap\" data-name=\"broj_odraslih\"><select class=\"wpcf7-form-control wpcf7-select wpcf7-validates-as-required form-control\" id=\"broj_odraslih\" aria-required=\"true\" aria-invalid=\"false\" name=\"broj_odraslih\"><option value=\"\u2014Odaberi opciju\u2014\">\u2014Odaberi opciju\u2014<\/option><option value=\"1\">1<\/option><option value=\"2\">2<\/option><option value=\"3\">3<\/option><option value=\"4\">4<\/option><\/select><\/span>\n\t\t<\/p>\n\t<\/div>\n<\/div>\n<div class=\"form-row\">\n\t<div class=\"form-group col-md-6\">\n\t\t<p><label for=\"broj_djece_do_5\">Broj djece do 5 godina<\/label><br \/>\n<span class=\"wpcf7-form-control-wrap\" data-name=\"broj_djece_do_5\"><select class=\"wpcf7-form-control wpcf7-select wpcf7-validates-as-required form-control\" id=\"broj_djece_do_5\" aria-required=\"true\" aria-invalid=\"false\" name=\"broj_djece_do_5\"><option value=\"\u2014Odaberi opciju\u2014\">\u2014Odaberi opciju\u2014<\/option><option value=\"0\">0<\/option><option value=\"1\">1<\/option><option value=\"2\">2<\/option><option value=\"3\">3<\/option><option value=\"4\">4<\/option><\/select><\/span>\n\t\t<\/p>\n\t<\/div>\n\t<div class=\"form-group col-md-6\">\n\t\t<p><label for=\"broj_djece_5_14\">Broj djece 5-14 godina<\/label><br \/>\n<span class=\"wpcf7-form-control-wrap\" data-name=\"broj_djece_5_14\"><select class=\"wpcf7-form-control wpcf7-select wpcf7-validates-as-required form-control\" id=\"broj_djece_5_14\" aria-required=\"true\" aria-invalid=\"false\" name=\"broj_djece_5_14\"><option value=\"\u2014Odaberi opciju\u2014\">\u2014Odaberi opciju\u2014<\/option><option value=\"0\">0<\/option><option value=\"1\">1<\/option><option value=\"2\">2<\/option><option value=\"3\">3<\/option><option value=\"4\">4<\/option><\/select><\/span>\n\t\t<\/p>\n\t<\/div>\n<\/div>\n<div class=\"form-row\">\n\t<div class=\"form-group col-md-6\">\n\t\t<p><label for=\"osnov_boravka\">Osnov boravka<\/label><br \/>\n<span class=\"wpcf7-form-control-wrap\" data-name=\"osnov_boravka\"><select class=\"wpcf7-form-control wpcf7-select wpcf7-validates-as-required form-control\" id=\"osnov_boravka\" aria-required=\"true\" aria-invalid=\"false\" name=\"osnov_boravka\"><option value=\"\u2014Odaberi opciju\u2014\">\u2014Odaberi opciju\u2014<\/option><option value=\"Privatno\">Privatno<\/option><option value=\"ZZO\">ZZO<\/option><option value=\"BIZ\">BIZ<\/option><option value=\"UGP\">UGP<\/option><option value=\"MUH\">MUH<\/option><\/select><\/span>\n\t\t<\/p>\n\t<\/div>\n<\/div>\n<div class=\"form-group\">\n\t<p><label for=\"zahtjevipitanja\">Zahtjevi\/Pitanja<\/label><br \/>\n<span class=\"wpcf7-form-control-wrap\" data-name=\"zahtjevipitanja\"><textarea cols=\"40\" rows=\"10\" maxlength=\"2000\" class=\"wpcf7-form-control wpcf7-textarea form-control\" id=\"zahtjevipitanja\" aria-invalid=\"false\" placeholder=\"Dodatna pitanja ili specifi\u010dni zahtjevi\" name=\"zahtjevipitanja\"><\/textarea><\/span>\n\t<\/p>\n<\/div>\n<p><input class=\"wpcf7-form-control wpcf7-submit has-spinner btn\" type=\"submit\" value=\"PO\u0160ALJI REZERVACIJU\" \/>\n<\/p><div class=\"wpcf7-response-output\" aria-hidden=\"true\"><\/div>\n<\/form>\n<\/div>\n            <\/div>\n\n\n        \t\t<\/div>\n\t\t\t\t<\/div>\n\t\t\t\t\t<\/div>\n\t\t\t\t<\/div>\n\t\t<div class=\"elementor-element elementor-element-044664b e-flex e-con-boxed e-con e-parent\" data-id=\"044664b\" data-element_type=\"container\">\n\t\t\t\t\t<div class=\"e-con-inner\">\n\t\t\t\t<div class=\"elementor-element elementor-element-d1581fc elementor-widget elementor-widget-spacer\" data-id=\"d1581fc\" data-element_type=\"widget\" data-widget_type=\"spacer.default\">\n\t\t\t\t<div class=\"elementor-widget-container\">\n\t\t\t<style>\/*! elementor - v3.21.0 - 20-05-2024 *\/\n.elementor-column .elementor-spacer-inner{height:var(--spacer-size)}.e-con{--container-widget-width:100%}.e-con-inner>.elementor-widget-spacer,.e-con>.elementor-widget-spacer{width:var(--container-widget-width,var(--spacer-size));--align-self:var(--container-widget-align-self,initial);--flex-shrink:0}.e-con-inner>.elementor-widget-spacer>.elementor-widget-container,.e-con>.elementor-widget-spacer>.elementor-widget-container{height:100%;width:100%}.e-con-inner>.elementor-widget-spacer>.elementor-widget-container>.elementor-spacer,.e-con>.elementor-widget-spacer>.elementor-widget-container>.elementor-spacer{height:100%}.e-con-inner>.elementor-widget-spacer>.elementor-widget-container>.elementor-spacer>.elementor-spacer-inner,.e-con>.elementor-widget-spacer>.elementor-widget-container>.elementor-spacer>.elementor-spacer-inner{height:var(--container-widget-height,var(--spacer-size))}.e-con-inner>.elementor-widget-spacer.elementor-widget-empty,.e-con>.elementor-widget-spacer.elementor-widget-empty{position:relative;min-height:22px;min-width:22px}.e-con-inner>.elementor-widget-spacer.elementor-widget-empty .elementor-widget-empty-icon,.e-con>.elementor-widget-spacer.elementor-widget-empty .elementor-widget-empty-icon{position:absolute;top:0;bottom:0;left:0;right:0;margin:auto;padding:0;width:22px;height:22px}<\/style>\t\t<div class=\"elementor-spacer\">\n\t\t\t<div class=\"elementor-spacer-inner\"><\/div>\n\t\t<\/div>\n\t\t\t\t<\/div>\n\t\t\t\t<\/div>\n\t\t\t\t\t<\/div>\n\t\t\t\t<\/div>\n\t\t\t\t<\/div>\n\t\t","protected":false},"excerpt":{"rendered":"<p>Zahtjev za rezervaciju Molimo Vas da ovo smatrate zahtjevom za rezervaciju, a ne potvr\u0111enom rezervacijom. Potvrdit \u0107emo Vam mogu\u0107nost rezervacije za tra\u017eeni datum. Molimo Vas da popunite formular ta\u010dnim podacima. Ime Prezime Telefon Email Datum dolaska Datum odlaska Tip sobe \u2014Odaberi opciju\u2014JednokrevetnaDvokrevetnaTrokrevetnaApartman Broj odraslih \u2014Odaberi opciju\u20141234 Broj djece do 5 godina \u2014Odaberi opciju\u201401234 Broj djece [&hellip;]<\/p>\n","protected":false},"author":1,"featured_media":5864,"parent":0,"menu_order":0,"comment_status":"closed","ping_status":"closed","template":"","meta":{"give_campaign_id":0,"footnotes":""},"class_list":["post-6075","page","type-page","status-publish","has-post-thumbnail","hentry"],"campaignId":"","_links":{"self":[{"href":"https:\/\/reumal.ba\/index.php\/wp-json\/wp\/v2\/pages\/6075","targetHints":{"allow":["GET"]}}],"collection":[{"href":"https:\/\/reumal.ba\/index.php\/wp-json\/wp\/v2\/pages"}],"about":[{"href":"https:\/\/reumal.ba\/index.php\/wp-json\/wp\/v2\/types\/page"}],"author":[{"embeddable":true,"href":"https:\/\/reumal.ba\/index.php\/wp-json\/wp\/v2\/users\/1"}],"replies":[{"embeddable":true,"href":"https:\/\/reumal.ba\/index.php\/wp-json\/wp\/v2\/comments?post=6075"}],"version-history":[{"count":26,"href":"https:\/\/reumal.ba\/index.php\/wp-json\/wp\/v2\/pages\/6075\/revisions"}],"predecessor-version":[{"id":6106,"href":"https:\/\/reumal.ba\/index.php\/wp-json\/wp\/v2\/pages\/6075\/revisions\/6106"}],"wp:featuredmedia":[{"embeddable":true,"href":"https:\/\/reumal.ba\/index.php\/wp-json\/wp\/v2\/media\/5864"}],"wp:attachment":[{"href":"https:\/\/reumal.ba\/index.php\/wp-json\/wp\/v2\/media?parent=6075"}],"curies":[{"name":"wp","href":"https:\/\/api.w.org\/{rel}","templated":true}]}}