{"id":5997,"date":"2024-02-22T14:50:53","date_gmt":"2024-02-22T14:50:53","guid":{"rendered":"https:\/\/priceless-roentgen.94-130-237-80.plesk.page\/?page_id=5997"},"modified":"2024-05-21T06:18:44","modified_gmt":"2024-05-21T06:18:44","slug":"o-nama","status":"publish","type":"page","link":"https:\/\/reumal.ba\/index.php\/o-nama\/","title":{"rendered":"O nama"},"content":{"rendered":"\t\t<div data-elementor-type=\"wp-page\" data-elementor-id=\"5997\" class=\"elementor elementor-5997\">\n\t\t\t\t<div class=\"elementor-element elementor-element-060132d e-flex e-con-boxed e-con e-parent\" data-id=\"060132d\" data-element_type=\"container\">\n\t\t\t\t\t<div class=\"e-con-inner\">\n\t\t\t\t<div class=\"elementor-element elementor-element-87818e2 elementor-arrows-position-inside elementor-pagination-position-outside elementor-widget elementor-widget-image-carousel\" data-id=\"87818e2\" data-element_type=\"widget\" data-settings=\"{&quot;slides_to_show&quot;:&quot;1&quot;,&quot;navigation&quot;:&quot;both&quot;,&quot;autoplay&quot;:&quot;yes&quot;,&quot;pause_on_hover&quot;:&quot;yes&quot;,&quot;pause_on_interaction&quot;:&quot;yes&quot;,&quot;autoplay_speed&quot;:5000,&quot;infinite&quot;:&quot;yes&quot;,&quot;effect&quot;:&quot;slide&quot;,&quot;speed&quot;:500}\" data-widget_type=\"image-carousel.default\">\n\t\t\t\t<div class=\"elementor-widget-container\">\n\t\t\t<style>\/*! elementor - v3.21.0 - 20-05-2024 *\/\n.elementor-widget-image-carousel .swiper,.elementor-widget-image-carousel .swiper-container{position:static}.elementor-widget-image-carousel .swiper-container .swiper-slide figure,.elementor-widget-image-carousel .swiper .swiper-slide figure{line-height:inherit}.elementor-widget-image-carousel .swiper-slide{text-align:center}.elementor-image-carousel-wrapper:not(.swiper-container-initialized):not(.swiper-initialized) .swiper-slide{max-width:calc(100% \/ var(--e-image-carousel-slides-to-show, 3))}<\/style>\t\t<div class=\"elementor-image-carousel-wrapper swiper\" dir=\"ltr\">\n\t\t\t<div class=\"elementor-image-carousel swiper-wrapper\" aria-live=\"off\">\n\t\t\t\t\t\t\t\t<div class=\"swiper-slide\" role=\"group\" aria-roledescription=\"slide\" aria-label=\"1 of 15\"><figure class=\"swiper-slide-inner\"><img decoding=\"async\" class=\"swiper-slide-image\" src=\"https:\/\/reumal.ba\/wp-content\/uploads\/2020\/07\/Z88_4621-1536x1024.jpg\" alt=\"Z88_4621\" \/><\/figure><\/div><div class=\"swiper-slide\" role=\"group\" aria-roledescription=\"slide\" aria-label=\"2 of 15\"><figure class=\"swiper-slide-inner\"><img decoding=\"async\" class=\"swiper-slide-image\" src=\"https:\/\/reumal.ba\/wp-content\/uploads\/2020\/07\/Z88_2408-1536x1024.jpg\" alt=\"Z88_2408\" \/><\/figure><\/div><div class=\"swiper-slide\" role=\"group\" aria-roledescription=\"slide\" aria-label=\"3 of 15\"><figure class=\"swiper-slide-inner\"><img decoding=\"async\" class=\"swiper-slide-image\" src=\"https:\/\/reumal.ba\/wp-content\/uploads\/2020\/07\/Z88_1175-2-1536x1024.jpg\" alt=\"Z88_1175 (2)\" \/><\/figure><\/div><div class=\"swiper-slide\" role=\"group\" aria-roledescription=\"slide\" aria-label=\"4 of 15\"><figure class=\"swiper-slide-inner\"><img decoding=\"async\" class=\"swiper-slide-image\" src=\"https:\/\/reumal.ba\/wp-content\/uploads\/2020\/07\/Z88_1275-2-1536x1024.jpg\" alt=\"Z88_1275 (2)\" \/><\/figure><\/div><div class=\"swiper-slide\" role=\"group\" aria-roledescription=\"slide\" aria-label=\"5 of 15\"><figure class=\"swiper-slide-inner\"><img decoding=\"async\" class=\"swiper-slide-image\" src=\"https:\/\/reumal.ba\/wp-content\/uploads\/2020\/07\/Z88_3245-1536x1024.jpg\" alt=\"Z88_3245\" \/><\/figure><\/div><div class=\"swiper-slide\" role=\"group\" aria-roledescription=\"slide\" aria-label=\"6 of 15\"><figure class=\"swiper-slide-inner\"><img decoding=\"async\" class=\"swiper-slide-image\" src=\"https:\/\/reumal.ba\/wp-content\/uploads\/2020\/07\/Z88_2824-2-1536x1024.jpg\" alt=\"Z88_2824 (2)\" \/><\/figure><\/div><div class=\"swiper-slide\" role=\"group\" aria-roledescription=\"slide\" aria-label=\"7 of 15\"><figure class=\"swiper-slide-inner\"><img decoding=\"async\" class=\"swiper-slide-image\" src=\"https:\/\/reumal.ba\/wp-content\/uploads\/2020\/07\/Z88_4977-1536x1024.jpg\" alt=\"Z88_4977\" \/><\/figure><\/div><div class=\"swiper-slide\" role=\"group\" aria-roledescription=\"slide\" aria-label=\"8 of 15\"><figure class=\"swiper-slide-inner\"><img decoding=\"async\" class=\"swiper-slide-image\" src=\"https:\/\/reumal.ba\/wp-content\/uploads\/2020\/07\/Z88_5093-1536x1024.jpg\" alt=\"Z88_5093\" \/><\/figure><\/div><div class=\"swiper-slide\" role=\"group\" aria-roledescription=\"slide\" aria-label=\"9 of 15\"><figure class=\"swiper-slide-inner\"><img decoding=\"async\" class=\"swiper-slide-image\" src=\"https:\/\/reumal.ba\/wp-content\/uploads\/2020\/07\/Z88_5736-1536x1024.jpg\" alt=\"Z88_5736\" \/><\/figure><\/div><div class=\"swiper-slide\" role=\"group\" aria-roledescription=\"slide\" aria-label=\"10 of 15\"><figure class=\"swiper-slide-inner\"><img decoding=\"async\" class=\"swiper-slide-image\" src=\"https:\/\/reumal.ba\/wp-content\/uploads\/2020\/07\/Z88_2028-4-1536x1024.jpg\" alt=\"Z88_2028 (4)\" \/><\/figure><\/div><div class=\"swiper-slide\" role=\"group\" aria-roledescription=\"slide\" aria-label=\"11 of 15\"><figure class=\"swiper-slide-inner\"><img decoding=\"async\" class=\"swiper-slide-image\" src=\"https:\/\/reumal.ba\/wp-content\/uploads\/2020\/07\/Z88_6502-2-1536x1024.jpg\" alt=\"Z88_6502 (2)\" \/><\/figure><\/div><div class=\"swiper-slide\" role=\"group\" aria-roledescription=\"slide\" aria-label=\"12 of 15\"><figure class=\"swiper-slide-inner\"><img decoding=\"async\" class=\"swiper-slide-image\" src=\"https:\/\/reumal.ba\/wp-content\/uploads\/2020\/07\/Z88_8168-3-1536x1024.jpg\" alt=\"Z88_8168 (3)\" \/><\/figure><\/div><div class=\"swiper-slide\" role=\"group\" aria-roledescription=\"slide\" aria-label=\"13 of 15\"><figure class=\"swiper-slide-inner\"><img decoding=\"async\" class=\"swiper-slide-image\" src=\"https:\/\/reumal.ba\/wp-content\/uploads\/2020\/07\/reumal-lower-1536x853.jpeg\" alt=\"reumal lower\" \/><\/figure><\/div><div class=\"swiper-slide\" role=\"group\" aria-roledescription=\"slide\" aria-label=\"14 of 15\"><figure class=\"swiper-slide-inner\"><img decoding=\"async\" class=\"swiper-slide-image\" src=\"https:\/\/reumal.ba\/wp-content\/uploads\/2020\/07\/21e4ef91b163d48dd73a563907226194.jpeg\" alt=\"21e4ef91b163d48dd73a563907226194\" \/><\/figure><\/div><div class=\"swiper-slide\" role=\"group\" aria-roledescription=\"slide\" aria-label=\"15 of 15\"><figure class=\"swiper-slide-inner\"><img decoding=\"async\" class=\"swiper-slide-image\" src=\"https:\/\/reumal.ba\/wp-content\/uploads\/2020\/07\/Z88_6931-3-1536x1024.jpg\" alt=\"Z88_6931 (3)\" \/><\/figure><\/div>\t\t\t<\/div>\n\t\t\t\t\t\t\t\t\t\t\t\t<div class=\"elementor-swiper-button elementor-swiper-button-prev\" role=\"button\" tabindex=\"0\">\n\t\t\t\t\t\t<svg aria-hidden=\"true\" class=\"e-font-icon-svg e-eicon-chevron-left\" viewBox=\"0 0 1000 1000\" xmlns=\"http:\/\/www.w3.org\/2000\/svg\"><path d=\"M646 125C629 125 613 133 604 142L308 442C296 454 292 471 292 487 292 504 296 521 308 533L604 854C617 867 629 875 646 875 663 875 679 871 692 858 704 846 713 829 713 812 713 796 708 779 692 767L438 487 692 225C700 217 708 204 708 187 708 171 704 154 692 142 675 129 663 125 646 125Z\"><\/path><\/svg>\t\t\t\t\t<\/div>\n\t\t\t\t\t<div class=\"elementor-swiper-button elementor-swiper-button-next\" role=\"button\" tabindex=\"0\">\n\t\t\t\t\t\t<svg aria-hidden=\"true\" class=\"e-font-icon-svg e-eicon-chevron-right\" viewBox=\"0 0 1000 1000\" xmlns=\"http:\/\/www.w3.org\/2000\/svg\"><path d=\"M696 533C708 521 713 504 713 487 713 471 708 454 696 446L400 146C388 133 375 125 354 125 338 125 325 129 313 142 300 154 292 171 292 187 292 204 296 221 308 233L563 492 304 771C292 783 288 800 288 817 288 833 296 850 308 863 321 871 338 875 354 875 371 875 388 867 400 854L696 533Z\"><\/path><\/svg>\t\t\t\t\t<\/div>\n\t\t\t\t\n\t\t\t\t\t\t\t\t\t<div class=\"swiper-pagination\"><\/div>\n\t\t\t\t\t\t\t\t\t<\/div>\n\t\t\t\t<\/div>\n\t\t\t\t<\/div>\n\t\t\t\t\t<\/div>\n\t\t\t\t<\/div>\n\t\t<div class=\"elementor-element elementor-element-6680c1fb e-flex e-con-boxed e-con e-parent\" data-id=\"6680c1fb\" data-element_type=\"container\">\n\t\t\t\t\t<div class=\"e-con-inner\">\n\t\t\t\t<div class=\"elementor-element elementor-element-e509cd elementor-widget elementor-widget-text-editor\" data-id=\"e509cd\" data-element_type=\"widget\" data-widget_type=\"text-editor.default\">\n\t\t\t\t<div class=\"elementor-widget-container\">\n\t\t\t<style>\/*! elementor - v3.21.0 - 20-05-2024 *\/\n.elementor-widget-text-editor.elementor-drop-cap-view-stacked .elementor-drop-cap{background-color:#69727d;color:#fff}.elementor-widget-text-editor.elementor-drop-cap-view-framed .elementor-drop-cap{color:#69727d;border:3px solid;background-color:transparent}.elementor-widget-text-editor:not(.elementor-drop-cap-view-default) .elementor-drop-cap{margin-top:8px}.elementor-widget-text-editor:not(.elementor-drop-cap-view-default) .elementor-drop-cap-letter{width:1em;height:1em}.elementor-widget-text-editor .elementor-drop-cap{float:left;text-align:center;line-height:1;font-size:50px}.elementor-widget-text-editor .elementor-drop-cap-letter{display:inline-block}<\/style>\t\t\t\t<!-- wp:paragraph -->\n<p>Lje\u010dili\u0161te &#8220;Reumal&#8221; Fojnica je savremeno opremljena specijalizirana ustanova za rehabilitaciju, rekreaciju, aktivni odmor i programirane sportske aktivnosti. Zahvaljuju\u0107i \u010dudesnoj djelotvornosti radioaktivne termalne vode, sofisticiranoj medicinskoj opremi, kadrovskoj osposobljenosti i dugogodi\u0161njem iskustvu \u2013 ovdje se ve\u0107 decenijama posti\u017eu rezultati vrijedni svake pa\u017enje, a posebno u oblastima rehabilitacije osteomuskulatornog aparata, kardiorehabilitacije, dje\u010dije habilitacije i rehabilitacije, te rehabilitacije sportista i sportskih povreda.<\/p>\n<!-- \/wp:paragraph -->\n\n<!-- wp:paragraph -->\n<p>Smje\u0161tena na sjeveroisto\u010dnim padinama fojni\u010dkih brda, ona sa gradom, te novosagra\u0111enim turisti\u010dkim kompleksom Aqureumal, \u010dini jedinstvenu ambijentalno &#8211; urbanisti\u010dku cjelinu, samo &nbsp;prividno podijeljenu rijekom Draga\u010dom. Ovo je savr\u0161eno mjesto za lije\u010denje, odmor i rekreaciju u kome se svakodnevna napetost i stres otapaju u zelenilu prirode, \u0161umoru voda i ljepoti pejza\u017ea. Priroda Fojnice krijepi tijelo i razgaljuje du\u0161u, a osoblje Lje\u010dili\u0161ta Reumal, svojom srda\u010dno\u0161\u0107u stvara ugo\u0111aj, da se tu \u010dovjek, zaista, osje\u0107a \u201ekao kod ku\u0107e\u201c.<\/p>\n<!-- \/wp:paragraph -->\n\n<!-- wp:paragraph -->\n<p>Lje\u010dili\u0161te Reumal sa objektima Nove bolnice i Reumala, prostire se na povr\u0161ini od 60.000 m2&nbsp; a korisni zatvoreni prostor iznosi 21.000 m2.<\/p>\n<!-- \/wp:paragraph -->\n\n<!-- wp:paragraph -->\n<p>Ukupni smje\u0161tajni kapaciteti 540 kreveta:<\/p>\n<!-- \/wp:paragraph -->\n\n<!-- wp:list -->\n<ul><!-- wp:list-item -->\n<li>Reumal 410 kreveta&nbsp;<\/li>\n<!-- \/wp:list-item -->\n\n<!-- wp:list-item -->\n<li>Nova bolnica 130 kreveta&nbsp;<\/li>\n<!-- \/wp:list-item --><\/ul>\n<!-- \/wp:list -->\n\n<!-- wp:paragraph -->\n<p>Ugostiteljski sadr\u017eaji:<\/p>\n<!-- \/wp:paragraph -->\n\n<!-- wp:list -->\n<ul><!-- wp:list-item -->\n<li>Reumal: restoran a la carte, pansionski restoran, aperitiv, restoran \u2013 picerija Kamin sa ljetnom ba\u0161tom.<\/li>\n<!-- \/wp:list-item -->\n\n<!-- wp:list-item -->\n<li>Nova bolnica: pansionski restoran, kamin sala i ljetna terasa<\/li>\n<!-- \/wp:list-item --><\/ul>\n<!-- \/wp:list -->\n\n<!-- wp:paragraph -->\n<p>Lje\u010dili\u0161te Reumal danas prosje\u010dno zapo\u0161ljava 250 radnika razli\u010ditih zanimanja od \u010dega samo u medicinskom sektoru, kao nose\u0107em; 10 stalno zaposlenih ljekara (fizijatri, internisti, neuropsihijatri), vi\u0161e&nbsp; spoljnih saradnika (kardiolog, urolog, ortoped, mikrobiolog, radiolog), 50 fizioterapeuta, 23 medicinska tehni\u010dara, te ostalo osoblje u drugim sektorima kao \u0161to su kuhari, konobari, ekonomisti, pravnici, in\u017eenjeri itd.<\/p>\n<!-- \/wp:paragraph -->\t\t\t\t\t\t<\/div>\n\t\t\t\t<\/div>\n\t\t\t\t\t<\/div>\n\t\t\t\t<\/div>\n\t\t<div class=\"elementor-element elementor-element-044664b e-flex e-con-boxed e-con e-parent\" data-id=\"044664b\" data-element_type=\"container\">\n\t\t\t\t\t<div class=\"e-con-inner\">\n\t\t\t\t<div class=\"elementor-element elementor-element-d1581fc elementor-widget elementor-widget-spacer\" data-id=\"d1581fc\" data-element_type=\"widget\" data-widget_type=\"spacer.default\">\n\t\t\t\t<div class=\"elementor-widget-container\">\n\t\t\t<style>\/*! elementor - v3.21.0 - 20-05-2024 *\/\n.elementor-column .elementor-spacer-inner{height:var(--spacer-size)}.e-con{--container-widget-width:100%}.e-con-inner>.elementor-widget-spacer,.e-con>.elementor-widget-spacer{width:var(--container-widget-width,var(--spacer-size));--align-self:var(--container-widget-align-self,initial);--flex-shrink:0}.e-con-inner>.elementor-widget-spacer>.elementor-widget-container,.e-con>.elementor-widget-spacer>.elementor-widget-container{height:100%;width:100%}.e-con-inner>.elementor-widget-spacer>.elementor-widget-container>.elementor-spacer,.e-con>.elementor-widget-spacer>.elementor-widget-container>.elementor-spacer{height:100%}.e-con-inner>.elementor-widget-spacer>.elementor-widget-container>.elementor-spacer>.elementor-spacer-inner,.e-con>.elementor-widget-spacer>.elementor-widget-container>.elementor-spacer>.elementor-spacer-inner{height:var(--container-widget-height,var(--spacer-size))}.e-con-inner>.elementor-widget-spacer.elementor-widget-empty,.e-con>.elementor-widget-spacer.elementor-widget-empty{position:relative;min-height:22px;min-width:22px}.e-con-inner>.elementor-widget-spacer.elementor-widget-empty .elementor-widget-empty-icon,.e-con>.elementor-widget-spacer.elementor-widget-empty .elementor-widget-empty-icon{position:absolute;top:0;bottom:0;left:0;right:0;margin:auto;padding:0;width:22px;height:22px}<\/style>\t\t<div class=\"elementor-spacer\">\n\t\t\t<div class=\"elementor-spacer-inner\"><\/div>\n\t\t<\/div>\n\t\t\t\t<\/div>\n\t\t\t\t<\/div>\n\t\t\t\t\t<\/div>\n\t\t\t\t<\/div>\n\t\t\t\t<\/div>\n\t\t","protected":false},"excerpt":{"rendered":"<p>Lje\u010dili\u0161te &#8220;Reumal&#8221; Fojnica je savremeno opremljena specijalizirana ustanova za rehabilitaciju, rekreaciju, aktivni odmor i programirane sportske aktivnosti. Zahvaljuju\u0107i \u010dudesnoj djelotvornosti radioaktivne termalne vode, sofisticiranoj medicinskoj opremi, kadrovskoj osposobljenosti i dugogodi\u0161njem iskustvu \u2013 ovdje se ve\u0107 decenijama posti\u017eu rezultati vrijedni svake pa\u017enje, a posebno u oblastima rehabilitacije osteomuskulatornog aparata, kardiorehabilitacije, dje\u010dije habilitacije i rehabilitacije, te rehabilitacije [&hellip;]<\/p>\n","protected":false},"author":1,"featured_media":5864,"parent":0,"menu_order":0,"comment_status":"closed","ping_status":"closed","template":"","meta":{"give_campaign_id":0,"footnotes":""},"class_list":["post-5997","page","type-page","status-publish","has-post-thumbnail","hentry"],"campaignId":"","_links":{"self":[{"href":"https:\/\/reumal.ba\/index.php\/wp-json\/wp\/v2\/pages\/5997","targetHints":{"allow":["GET"]}}],"collection":[{"href":"https:\/\/reumal.ba\/index.php\/wp-json\/wp\/v2\/pages"}],"about":[{"href":"https:\/\/reumal.ba\/index.php\/wp-json\/wp\/v2\/types\/page"}],"author":[{"embeddable":true,"href":"https:\/\/reumal.ba\/index.php\/wp-json\/wp\/v2\/users\/1"}],"replies":[{"embeddable":true,"href":"https:\/\/reumal.ba\/index.php\/wp-json\/wp\/v2\/comments?post=5997"}],"version-history":[{"count":59,"href":"https:\/\/reumal.ba\/index.php\/wp-json\/wp\/v2\/pages\/5997\/revisions"}],"predecessor-version":[{"id":6648,"href":"https:\/\/reumal.ba\/index.php\/wp-json\/wp\/v2\/pages\/5997\/revisions\/6648"}],"wp:featuredmedia":[{"embeddable":true,"href":"https:\/\/reumal.ba\/index.php\/wp-json\/wp\/v2\/media\/5864"}],"wp:attachment":[{"href":"https:\/\/reumal.ba\/index.php\/wp-json\/wp\/v2\/media?parent=5997"}],"curies":[{"name":"wp","href":"https:\/\/api.w.org\/{rel}","templated":true}]}}